{"id":54956,"date":"2025-03-12T12:05:18","date_gmt":"2025-03-12T11:05:18","guid":{"rendered":"https:\/\/www.tc26-bijoux.com\/?post_type=product&#038;p=54956"},"modified":"2025-03-21T14:09:58","modified_gmt":"2025-03-21T13:09:58","slug":"bracelet-riviere-or-18-carats-et-diamants-roxane","status":"publish","type":"product","link":"https:\/\/www.tc26-bijoux.com\/?product=bracelet-riviere-or-18-carats-et-diamants-roxane","title":{"rendered":"Bracelet Rivi\u00e8re Or 18 Carats et Diamants Roxane"},"content":{"rendered":"<p>Bracelet Rivi\u00e8re Roxane en or 18 carats, disponible en blanc, jaune et rose. Les diamants de couleur G et de puret\u00e9 VS sont magnifiquement sertis le long du bracelet, ajoutant une touche d&rsquo;\u00e9clat et de luxe. Le poids total des diamants est de 1,40 carats, cr\u00e9ant une brillance remarquable. Avec une largeur de 6 mm, ce bracelet est un choix \u00e9l\u00e9gant et sophistiqu\u00e9 pour compl\u00e9ter votre style.<\/p>\n","protected":false},"excerpt":{"rendered":"<p>Mati\u00e8re : Or 18 carat\u00a0<\/p>\n<p>Couleur m\u00e9tal : Blanc\u00a0 \/ Jaune\u00a0\/ Rose\u00a0<\/p>\n<p>Nature des Pierres : Diamants<\/p>\n<p>Couleur des Diamants : G<\/p>\n<p>Puret\u00e9 des\u00a0Diamants : VS\u00a0<\/p>\n<p>Poids Total des Diamants :\u00a01.40\u00a0 Carats<\/p>\n<p>Largeur : 6\u00a0 mm<\/p>\n<p>R\u00e9f\u00e9rence : BJB0044<\/p>\n","protected":false},"featured_media":11212,"template":"","meta":{"_seopress_robots_primary_cat":"","_seopress_titles_title":"","_seopress_titles_desc":"","_seopress_robots_index":"","_seopress_analysis_target_kw":"","iawp_total_views":2},"product_brand":[],"product_cat":[92],"product_tag":[],"class_list":{"0":"post-54956","1":"product","2":"type-product","3":"status-publish","4":"has-post-thumbnail","6":"product_cat-bracelets-rivieres","8":"first","9":"instock","10":"shipping-taxable","11":"purchasable","12":"product-type-variable"},"_links":{"self":[{"href":"https:\/\/www.tc26-bijoux.com\/index.php?rest_route=\/wp\/v2\/product\/54956","targetHints":{"allow":["GET"]}}],"collection":[{"href":"https:\/\/www.tc26-bijoux.com\/index.php?rest_route=\/wp\/v2\/product"}],"about":[{"href":"https:\/\/www.tc26-bijoux.com\/index.php?rest_route=\/wp\/v2\/types\/product"}],"wp:featuredmedia":[{"embeddable":true,"href":"https:\/\/www.tc26-bijoux.com\/index.php?rest_route=\/wp\/v2\/media\/11212"}],"wp:attachment":[{"href":"https:\/\/www.tc26-bijoux.com\/index.php?rest_route=%2Fwp%2Fv2%2Fmedia&parent=54956"}],"wp:term":[{"taxonomy":"product_brand","embeddable":true,"href":"https:\/\/www.tc26-bijoux.com\/index.php?rest_route=%2Fwp%2Fv2%2Fproduct_brand&post=54956"},{"taxonomy":"product_cat","embeddable":true,"href":"https:\/\/www.tc26-bijoux.com\/index.php?rest_route=%2Fwp%2Fv2%2Fproduct_cat&post=54956"},{"taxonomy":"product_tag","embeddable":true,"href":"https:\/\/www.tc26-bijoux.com\/index.php?rest_route=%2Fwp%2Fv2%2Fproduct_tag&post=54956"}],"curies":[{"name":"wp","href":"https:\/\/api.w.org\/{rel}","templated":true}]}}