{"id":55033,"date":"2025-03-12T12:05:38","date_gmt":"2025-03-12T11:05:38","guid":{"rendered":"https:\/\/www.tc26-bijoux.com\/?post_type=product&#038;p=55033"},"modified":"2025-03-21T14:10:05","modified_gmt":"2025-03-21T13:10:05","slug":"bracelet-or-18-carats-et-diamants-barby","status":"publish","type":"product","link":"https:\/\/www.tc26-bijoux.com\/?product=bracelet-or-18-carats-et-diamants-barby","title":{"rendered":"Bracelet Or 18 Carats et Diamants Barby"},"content":{"rendered":"<p>Le bracelet Barby en or 18 carats est une pi\u00e8ce impressionnante et luxueuse. Il est orn\u00e9 de diamants d&rsquo;un poids total de 6,50, 9,00 ou 10,55 carats, selon votre choix. Ces diamants ajoutent une brillance exceptionnelle au bracelet, attirant tous les regards. Fabriqu\u00e9 avec soin et pr\u00e9cision, ce bracelet est un v\u00e9ritable chef-d&rsquo;\u0153uvre de joaillerie. Que ce soit pour une soir\u00e9e \u00e9l\u00e9gante ou une occasion sp\u00e9ciale, le bracelet Barby saura ajouter une touche de glamour et de sophistication \u00e0 votre poignet.<\/p>\n","protected":false},"excerpt":{"rendered":"<p>Mati\u00e8re : Or \u00a018 carat\u00a0<\/p>\n<p>Couleur m\u00e9tal : Blanc\u00a0 \u00a0<\/p>\n<p>Nature des Pierres : Diamants<\/p>\n<p>Couleur des Diamants : G<\/p>\n<p>Puret\u00e9 des\u00a0Diamants : VS\u00a0<\/p>\n<p>Poids Total des Diamants :\u00a06.50 \/ 9.00 \/ 10.55\u00a0 Carats<\/p>\n<p>R\u00e9f\u00e9rence : BL7281 \/ BL7128 \/ BL7280<\/p>\n","protected":false},"featured_media":11213,"template":"","meta":{"_seopress_robots_primary_cat":"","_seopress_titles_title":"","_seopress_titles_desc":"","_seopress_robots_index":"","_seopress_analysis_target_kw":"","iawp_total_views":3},"product_brand":[],"product_cat":[92],"product_tag":[],"class_list":{"0":"post-55033","1":"product","2":"type-product","3":"status-publish","4":"has-post-thumbnail","6":"product_cat-bracelets-rivieres","8":"first","9":"instock","10":"shipping-taxable","11":"purchasable","12":"product-type-variable"},"_links":{"self":[{"href":"https:\/\/www.tc26-bijoux.com\/index.php?rest_route=\/wp\/v2\/product\/55033","targetHints":{"allow":["GET"]}}],"collection":[{"href":"https:\/\/www.tc26-bijoux.com\/index.php?rest_route=\/wp\/v2\/product"}],"about":[{"href":"https:\/\/www.tc26-bijoux.com\/index.php?rest_route=\/wp\/v2\/types\/product"}],"wp:featuredmedia":[{"embeddable":true,"href":"https:\/\/www.tc26-bijoux.com\/index.php?rest_route=\/wp\/v2\/media\/11213"}],"wp:attachment":[{"href":"https:\/\/www.tc26-bijoux.com\/index.php?rest_route=%2Fwp%2Fv2%2Fmedia&parent=55033"}],"wp:term":[{"taxonomy":"product_brand","embeddable":true,"href":"https:\/\/www.tc26-bijoux.com\/index.php?rest_route=%2Fwp%2Fv2%2Fproduct_brand&post=55033"},{"taxonomy":"product_cat","embeddable":true,"href":"https:\/\/www.tc26-bijoux.com\/index.php?rest_route=%2Fwp%2Fv2%2Fproduct_cat&post=55033"},{"taxonomy":"product_tag","embeddable":true,"href":"https:\/\/www.tc26-bijoux.com\/index.php?rest_route=%2Fwp%2Fv2%2Fproduct_tag&post=55033"}],"curies":[{"name":"wp","href":"https:\/\/api.w.org\/{rel}","templated":true}]}}