{"id":55065,"date":"2025-03-12T12:05:47","date_gmt":"2025-03-12T11:05:47","guid":{"rendered":"https:\/\/www.tc26-bijoux.com\/?post_type=product&#038;p=55065"},"modified":"2025-03-21T14:10:08","modified_gmt":"2025-03-21T13:10:08","slug":"bracelet-or-18-carat-et-diamants-candice","status":"publish","type":"product","link":"https:\/\/www.tc26-bijoux.com\/?product=bracelet-or-18-carat-et-diamants-candice","title":{"rendered":"Bracelet Or 18 carat et Diamants Candice"},"content":{"rendered":"<p>Le bracelet Candice est un magnifique bijou en or 18 carats, orn\u00e9 de diamants de haute qualit\u00e9. Les diamants ont une couleur G et une puret\u00e9 VS. Le poids total des diamants sur le bracelet est de 11,35 carats, ce qui lui conf\u00e8re une apparence luxueuse et \u00e9tincelante. Que ce soit pour une occasion sp\u00e9ciale ou pour apporter une touche de sophistication \u00e0 votre tenue quotidienne, le bracelet Candice est s\u00fbr d&rsquo;attirer l&rsquo;attention et de vous faire briller.<\/p>\n","protected":false},"excerpt":{"rendered":"<p>Le bracelet Candice est un magnifique bijou en or 18 carats, orn\u00e9 de diamants de haute qualit\u00e9. Les diamants ont une couleur G et une puret\u00e9<span class=\"excerpt-hellip\"> [\u2026]<\/span><\/p>\n","protected":false},"featured_media":11215,"template":"","meta":{"_seopress_robots_primary_cat":"","_seopress_titles_title":"","_seopress_titles_desc":"","_seopress_robots_index":"","_seopress_analysis_target_kw":"","iawp_total_views":5},"product_brand":[],"product_cat":[92],"product_tag":[],"class_list":{"0":"post-55065","1":"product","2":"type-product","3":"status-publish","4":"has-post-thumbnail","6":"product_cat-bracelets-rivieres","8":"first","9":"instock","10":"shipping-taxable","11":"purchasable","12":"product-type-variable"},"_links":{"self":[{"href":"https:\/\/www.tc26-bijoux.com\/index.php?rest_route=\/wp\/v2\/product\/55065","targetHints":{"allow":["GET"]}}],"collection":[{"href":"https:\/\/www.tc26-bijoux.com\/index.php?rest_route=\/wp\/v2\/product"}],"about":[{"href":"https:\/\/www.tc26-bijoux.com\/index.php?rest_route=\/wp\/v2\/types\/product"}],"wp:featuredmedia":[{"embeddable":true,"href":"https:\/\/www.tc26-bijoux.com\/index.php?rest_route=\/wp\/v2\/media\/11215"}],"wp:attachment":[{"href":"https:\/\/www.tc26-bijoux.com\/index.php?rest_route=%2Fwp%2Fv2%2Fmedia&parent=55065"}],"wp:term":[{"taxonomy":"product_brand","embeddable":true,"href":"https:\/\/www.tc26-bijoux.com\/index.php?rest_route=%2Fwp%2Fv2%2Fproduct_brand&post=55065"},{"taxonomy":"product_cat","embeddable":true,"href":"https:\/\/www.tc26-bijoux.com\/index.php?rest_route=%2Fwp%2Fv2%2Fproduct_cat&post=55065"},{"taxonomy":"product_tag","embeddable":true,"href":"https:\/\/www.tc26-bijoux.com\/index.php?rest_route=%2Fwp%2Fv2%2Fproduct_tag&post=55065"}],"curies":[{"name":"wp","href":"https:\/\/api.w.org\/{rel}","templated":true}]}}