{"id":55080,"date":"2025-03-12T12:05:54","date_gmt":"2025-03-12T11:05:54","guid":{"rendered":"https:\/\/www.tc26-bijoux.com\/?post_type=product&#038;p=55080"},"modified":"2025-03-21T14:10:08","modified_gmt":"2025-03-21T13:10:08","slug":"pendentif-diamants-rubis-ciara","status":"publish","type":"product","link":"https:\/\/www.tc26-bijoux.com\/?product=pendentif-diamants-rubis-ciara","title":{"rendered":"Pendentif Diamants Rubis Ciara"},"content":{"rendered":"<p>Le collier en or 18 carats et diamants Ciara est magnifi\u00e9 par des pierres de couleur rubis, cr\u00e9ant une allure saisissante. Les diamants, d&rsquo;un caratage total de 1,25 carats, ajoutent une brillance suppl\u00e9mentaire \u00e0 l&rsquo;ensemble. La taille de la pierre principale est de 6,5 x 6,5 mm, offrant une pr\u00e9sence \u00e9l\u00e9gante. Les diamants b\u00e9n\u00e9ficient d&rsquo;une puret\u00e9 remarquable class\u00e9e GVS, ce qui garantit leur clart\u00e9 et leur \u00e9clat.<\/p>\n","protected":false},"excerpt":{"rendered":"<p>Mati\u00e8re\u00a0: Or 18 Carats<\/p>\n<p>Couleur m\u00e9tal\u00a0: Blanc\u00a0<\/p>\n<p>Couleur de pierre :\u00a0\u00a0\u00a0Rubis 0.60 Carats<\/p>\n<p>Nature de\u00a0la \u00a0Pierres\u00a0: Diamants\u00a0<\/p>\n<p>Caratage Total\u00a0: 1.25\u00a0Carats\u00a0<\/p>\n<p>Taille de la pierre : 6.5\u00a0x 6.5\u00a0mm\u00a0<\/p>\n<p>Puret\u00e9 \u00a0Diamants\u00a0: GVS\u00a0<\/p>\n<p>R\u00e9f\u00e9rence\u00a0SP3892<\/p>\n","protected":false},"featured_media":11843,"template":"","meta":{"_seopress_robots_primary_cat":"","_seopress_titles_title":"","_seopress_titles_desc":"","_seopress_robots_index":"","_seopress_analysis_target_kw":"","iawp_total_views":5},"product_brand":[],"product_cat":[93],"product_tag":[],"class_list":{"0":"post-55080","1":"product","2":"type-product","3":"status-publish","4":"has-post-thumbnail","6":"product_cat-colliers-pierres-precieuses","8":"first","9":"instock","10":"shipping-taxable","11":"purchasable","12":"product-type-variable"},"_links":{"self":[{"href":"https:\/\/www.tc26-bijoux.com\/index.php?rest_route=\/wp\/v2\/product\/55080","targetHints":{"allow":["GET"]}}],"collection":[{"href":"https:\/\/www.tc26-bijoux.com\/index.php?rest_route=\/wp\/v2\/product"}],"about":[{"href":"https:\/\/www.tc26-bijoux.com\/index.php?rest_route=\/wp\/v2\/types\/product"}],"wp:featuredmedia":[{"embeddable":true,"href":"https:\/\/www.tc26-bijoux.com\/index.php?rest_route=\/wp\/v2\/media\/11843"}],"wp:attachment":[{"href":"https:\/\/www.tc26-bijoux.com\/index.php?rest_route=%2Fwp%2Fv2%2Fmedia&parent=55080"}],"wp:term":[{"taxonomy":"product_brand","embeddable":true,"href":"https:\/\/www.tc26-bijoux.com\/index.php?rest_route=%2Fwp%2Fv2%2Fproduct_brand&post=55080"},{"taxonomy":"product_cat","embeddable":true,"href":"https:\/\/www.tc26-bijoux.com\/index.php?rest_route=%2Fwp%2Fv2%2Fproduct_cat&post=55080"},{"taxonomy":"product_tag","embeddable":true,"href":"https:\/\/www.tc26-bijoux.com\/index.php?rest_route=%2Fwp%2Fv2%2Fproduct_tag&post=55080"}],"curies":[{"name":"wp","href":"https:\/\/api.w.org\/{rel}","templated":true}]}}