{"id":55132,"date":"2025-03-12T12:06:08","date_gmt":"2025-03-12T11:06:08","guid":{"rendered":"https:\/\/www.tc26-bijoux.com\/?post_type=product&#038;p=55132"},"modified":"2025-03-21T14:10:10","modified_gmt":"2025-03-21T13:10:10","slug":"pendentif-adriana-diamant-saphir","status":"publish","type":"product","link":"https:\/\/www.tc26-bijoux.com\/?product=pendentif-adriana-diamant-saphir","title":{"rendered":"Pendentif Adriana Diamant Saphir"},"content":{"rendered":"<p>Le collier \u00ab\u00a0Adriana\u00a0\u00bb incarne l&rsquo;\u00e9l\u00e9gance et la gr\u00e2ce avec son design d\u00e9licat et ses mat\u00e9riaux de haute qualit\u00e9. Fabriqu\u00e9 en or 18 carats, ce collier ajoute une touche de luxe et de sophistication \u00e0 n&rsquo;importe quelle tenue. Sa couleur  blanche apporte une luminosit\u00e9 subtile et met en valeur les d\u00e9tails exquis du bijou.<\/p>\n","protected":false},"excerpt":{"rendered":"<p>Mati\u00e8re\u00a0: Or\u00a018 Carats<\/p>\n<p>Couleur m\u00e9tal\u00a0: Blanc\u00a0<\/p>\n<p>Couleur de pierre :\u00a0\u00a0\u00a0Saphir\u00a0\/ Emeraude \/ Rubis<\/p>\n<p>Nature de\u00a0la \u00a0Pierres\u00a0: Diamants\u00a0<\/p>\n<p>Caratage Total\u00a0: 0.55 \/ 0.50 \/ 0.40\u00a0\u00a0Carats\u00a0<\/p>\n<p>Taille de la pierre : 5 x 3\u00a0\u00a0mm\u00a0<\/p>\n<p>Puret\u00e9 \u00a0Diamants\u00a0: GVS\u00a0<\/p>\n<p>R\u00e9f\u00e9rence\u00a0SP3757<\/p>\n","protected":false},"featured_media":11866,"template":"","meta":{"_seopress_robots_primary_cat":"","_seopress_titles_title":"","_seopress_titles_desc":"","_seopress_robots_index":"","_seopress_analysis_target_kw":"","iawp_total_views":2},"product_brand":[],"product_cat":[93],"product_tag":[],"class_list":{"0":"post-55132","1":"product","2":"type-product","3":"status-publish","4":"has-post-thumbnail","6":"product_cat-colliers-pierres-precieuses","8":"first","9":"instock","10":"shipping-taxable","11":"purchasable","12":"product-type-variable"},"_links":{"self":[{"href":"https:\/\/www.tc26-bijoux.com\/index.php?rest_route=\/wp\/v2\/product\/55132","targetHints":{"allow":["GET"]}}],"collection":[{"href":"https:\/\/www.tc26-bijoux.com\/index.php?rest_route=\/wp\/v2\/product"}],"about":[{"href":"https:\/\/www.tc26-bijoux.com\/index.php?rest_route=\/wp\/v2\/types\/product"}],"wp:featuredmedia":[{"embeddable":true,"href":"https:\/\/www.tc26-bijoux.com\/index.php?rest_route=\/wp\/v2\/media\/11866"}],"wp:attachment":[{"href":"https:\/\/www.tc26-bijoux.com\/index.php?rest_route=%2Fwp%2Fv2%2Fmedia&parent=55132"}],"wp:term":[{"taxonomy":"product_brand","embeddable":true,"href":"https:\/\/www.tc26-bijoux.com\/index.php?rest_route=%2Fwp%2Fv2%2Fproduct_brand&post=55132"},{"taxonomy":"product_cat","embeddable":true,"href":"https:\/\/www.tc26-bijoux.com\/index.php?rest_route=%2Fwp%2Fv2%2Fproduct_cat&post=55132"},{"taxonomy":"product_tag","embeddable":true,"href":"https:\/\/www.tc26-bijoux.com\/index.php?rest_route=%2Fwp%2Fv2%2Fproduct_tag&post=55132"}],"curies":[{"name":"wp","href":"https:\/\/api.w.org\/{rel}","templated":true}]}}