{"id":55159,"date":"2025-03-12T12:06:18","date_gmt":"2025-03-12T11:06:18","guid":{"rendered":"https:\/\/www.tc26-bijoux.com\/?post_type=product&#038;p=55159"},"modified":"2025-03-21T14:10:13","modified_gmt":"2025-03-21T13:10:13","slug":"pendentif-or-diamants-saphir-ethela","status":"publish","type":"product","link":"https:\/\/www.tc26-bijoux.com\/?product=pendentif-or-diamants-saphir-ethela","title":{"rendered":"Pendentif Or Diamants Saphir Ethela"},"content":{"rendered":"<p>Le collier \u00ab\u00a0Ethela\u00a0\u00bb incarne l&rsquo;\u00e9l\u00e9gance et le raffinement avec son design intemporel. Fabriqu\u00e9 en or 18 carats et orn\u00e9 de diamants scintillants, il ajoute une touche de luxe \u00e0 votre style. Avec son allure parisienne, ce collier est un v\u00e9ritable symbole de classe et de sophistication.<\/p>\n","protected":false},"excerpt":{"rendered":"<p>Le collier \u00ab\u00a0Ethela\u00a0\u00bb incarne l&rsquo;\u00e9l\u00e9gance et le raffinement avec son design intemporel. Fabriqu\u00e9 en or 18 carats et orn\u00e9 de diamants scintillants, il ajoute une touche<span class=\"excerpt-hellip\"> [\u2026]<\/span><\/p>\n","protected":false},"featured_media":11330,"template":"","meta":{"_seopress_robots_primary_cat":"","_seopress_titles_title":"","_seopress_titles_desc":"","_seopress_robots_index":"","_seopress_analysis_target_kw":"","iawp_total_views":5},"product_brand":[],"product_cat":[93],"product_tag":[],"class_list":{"0":"post-55159","1":"product","2":"type-product","3":"status-publish","4":"has-post-thumbnail","6":"product_cat-colliers-pierres-precieuses","8":"first","9":"instock","10":"shipping-taxable","11":"purchasable","12":"product-type-variable"},"_links":{"self":[{"href":"https:\/\/www.tc26-bijoux.com\/index.php?rest_route=\/wp\/v2\/product\/55159","targetHints":{"allow":["GET"]}}],"collection":[{"href":"https:\/\/www.tc26-bijoux.com\/index.php?rest_route=\/wp\/v2\/product"}],"about":[{"href":"https:\/\/www.tc26-bijoux.com\/index.php?rest_route=\/wp\/v2\/types\/product"}],"wp:featuredmedia":[{"embeddable":true,"href":"https:\/\/www.tc26-bijoux.com\/index.php?rest_route=\/wp\/v2\/media\/11330"}],"wp:attachment":[{"href":"https:\/\/www.tc26-bijoux.com\/index.php?rest_route=%2Fwp%2Fv2%2Fmedia&parent=55159"}],"wp:term":[{"taxonomy":"product_brand","embeddable":true,"href":"https:\/\/www.tc26-bijoux.com\/index.php?rest_route=%2Fwp%2Fv2%2Fproduct_brand&post=55159"},{"taxonomy":"product_cat","embeddable":true,"href":"https:\/\/www.tc26-bijoux.com\/index.php?rest_route=%2Fwp%2Fv2%2Fproduct_cat&post=55159"},{"taxonomy":"product_tag","embeddable":true,"href":"https:\/\/www.tc26-bijoux.com\/index.php?rest_route=%2Fwp%2Fv2%2Fproduct_tag&post=55159"}],"curies":[{"name":"wp","href":"https:\/\/api.w.org\/{rel}","templated":true}]}}