{"id":55209,"date":"2025-03-12T12:06:34","date_gmt":"2025-03-12T11:06:34","guid":{"rendered":"https:\/\/www.tc26-bijoux.com\/?post_type=product&#038;p=55209"},"modified":"2025-03-21T14:10:19","modified_gmt":"2025-03-21T13:10:19","slug":"collier-or-diamants-saphir-rita","status":"publish","type":"product","link":"https:\/\/www.tc26-bijoux.com\/?product=collier-or-diamants-saphir-rita","title":{"rendered":"Collier Or Diamants Saphir Rita"},"content":{"rendered":"<p>Le collier Rita en diamants et or 18 carats est une pi\u00e8ce remarquable. Disponible avec des pierres de couleur saphir, rubis ou \u00e9meraude, il ajoute une touche de couleur et de vivacit\u00e9 \u00e0 votre parure. Les pierres principales sont entour\u00e9es de diamants qui ajoutent une brillance suppl\u00e9mentaire \u00e0 l&rsquo;ensemble du collier. Le caratage total des diamants est de 0.96 carats, et leur puret\u00e9 est class\u00e9e GVS, garantissant des diamants de haute qualit\u00e9. Avec une taille de pierre de 5.5 mm, ce collier est \u00e0 la fois \u00e9l\u00e9gant et captivant, parfait pour compl\u00e9ter votre tenue avec une touche de luxe et de sophistication.<\/p>\n","protected":false},"excerpt":{"rendered":"<p>Le collier Rita en diamants et or 18 carats est une pi\u00e8ce remarquable. Disponible avec des pierres de couleur saphir, rubis ou \u00e9meraude, il ajoute une<span class=\"excerpt-hellip\"> [\u2026]<\/span><\/p>\n","protected":false},"featured_media":11864,"template":"","meta":{"_seopress_robots_primary_cat":"","_seopress_titles_title":"","_seopress_titles_desc":"","_seopress_robots_index":"","_seopress_analysis_target_kw":"","iawp_total_views":4},"product_brand":[],"product_cat":[93],"product_tag":[],"class_list":{"0":"post-55209","1":"product","2":"type-product","3":"status-publish","4":"has-post-thumbnail","6":"product_cat-colliers-pierres-precieuses","8":"first","9":"instock","10":"shipping-taxable","11":"purchasable","12":"product-type-variable"},"_links":{"self":[{"href":"https:\/\/www.tc26-bijoux.com\/index.php?rest_route=\/wp\/v2\/product\/55209","targetHints":{"allow":["GET"]}}],"collection":[{"href":"https:\/\/www.tc26-bijoux.com\/index.php?rest_route=\/wp\/v2\/product"}],"about":[{"href":"https:\/\/www.tc26-bijoux.com\/index.php?rest_route=\/wp\/v2\/types\/product"}],"wp:featuredmedia":[{"embeddable":true,"href":"https:\/\/www.tc26-bijoux.com\/index.php?rest_route=\/wp\/v2\/media\/11864"}],"wp:attachment":[{"href":"https:\/\/www.tc26-bijoux.com\/index.php?rest_route=%2Fwp%2Fv2%2Fmedia&parent=55209"}],"wp:term":[{"taxonomy":"product_brand","embeddable":true,"href":"https:\/\/www.tc26-bijoux.com\/index.php?rest_route=%2Fwp%2Fv2%2Fproduct_brand&post=55209"},{"taxonomy":"product_cat","embeddable":true,"href":"https:\/\/www.tc26-bijoux.com\/index.php?rest_route=%2Fwp%2Fv2%2Fproduct_cat&post=55209"},{"taxonomy":"product_tag","embeddable":true,"href":"https:\/\/www.tc26-bijoux.com\/index.php?rest_route=%2Fwp%2Fv2%2Fproduct_tag&post=55209"}],"curies":[{"name":"wp","href":"https:\/\/api.w.org\/{rel}","templated":true}]}}