{"id":55220,"date":"2025-03-12T12:06:36","date_gmt":"2025-03-12T11:06:36","guid":{"rendered":"https:\/\/www.tc26-bijoux.com\/?post_type=product&#038;p=55220"},"modified":"2025-03-21T14:10:19","modified_gmt":"2025-03-21T13:10:19","slug":"collier-emeraude-diamants-or","status":"publish","type":"product","link":"https:\/\/www.tc26-bijoux.com\/?product=collier-emeraude-diamants-or","title":{"rendered":"Collier Emeraude Diamants Or"},"content":{"rendered":"<p>Plongez dans un monde de luxe et de sophistication avec notre exceptionnel collier \u00ab\u00a0\u00c9meraude Diamants Or\u00a0\u00bb. \u00c9l\u00e9gant et majestueux, ce bijou incarne l&rsquo;essence m\u00eame du raffinement parisien.<\/p>\n","protected":false},"excerpt":{"rendered":"<p>Or 18K poids: 3.03\u00a0gr<\/p>\n<p>Diamants poids:\u00a00.23\u00a0cts \/ 32\u00a0pcs<\/p>\n<p>Emeraude\u00a0poids: 1.06\u00a0cts \/ 1\u00a0pcs<\/p>\n","protected":false},"featured_media":15139,"template":"","meta":{"_seopress_robots_primary_cat":"","_seopress_titles_title":"","_seopress_titles_desc":"","_seopress_robots_index":"","_seopress_analysis_target_kw":"","iawp_total_views":3},"product_brand":[],"product_cat":[93],"product_tag":[],"class_list":{"0":"post-55220","1":"product","2":"type-product","3":"status-publish","4":"has-post-thumbnail","6":"product_cat-colliers-pierres-precieuses","8":"first","9":"instock","10":"shipping-taxable","11":"purchasable","12":"product-type-variable"},"_links":{"self":[{"href":"https:\/\/www.tc26-bijoux.com\/index.php?rest_route=\/wp\/v2\/product\/55220","targetHints":{"allow":["GET"]}}],"collection":[{"href":"https:\/\/www.tc26-bijoux.com\/index.php?rest_route=\/wp\/v2\/product"}],"about":[{"href":"https:\/\/www.tc26-bijoux.com\/index.php?rest_route=\/wp\/v2\/types\/product"}],"wp:featuredmedia":[{"embeddable":true,"href":"https:\/\/www.tc26-bijoux.com\/index.php?rest_route=\/wp\/v2\/media\/15139"}],"wp:attachment":[{"href":"https:\/\/www.tc26-bijoux.com\/index.php?rest_route=%2Fwp%2Fv2%2Fmedia&parent=55220"}],"wp:term":[{"taxonomy":"product_brand","embeddable":true,"href":"https:\/\/www.tc26-bijoux.com\/index.php?rest_route=%2Fwp%2Fv2%2Fproduct_brand&post=55220"},{"taxonomy":"product_cat","embeddable":true,"href":"https:\/\/www.tc26-bijoux.com\/index.php?rest_route=%2Fwp%2Fv2%2Fproduct_cat&post=55220"},{"taxonomy":"product_tag","embeddable":true,"href":"https:\/\/www.tc26-bijoux.com\/index.php?rest_route=%2Fwp%2Fv2%2Fproduct_tag&post=55220"}],"curies":[{"name":"wp","href":"https:\/\/api.w.org\/{rel}","templated":true}]}}