{"id":55236,"date":"2025-03-12T12:06:39","date_gmt":"2025-03-12T11:06:39","guid":{"rendered":"https:\/\/www.tc26-bijoux.com\/?post_type=product&#038;p=55236"},"modified":"2025-03-21T14:10:20","modified_gmt":"2025-03-21T13:10:20","slug":"pendentif-or-diamants-saphir-karlie","status":"publish","type":"product","link":"https:\/\/www.tc26-bijoux.com\/?product=pendentif-or-diamants-saphir-karlie","title":{"rendered":"Pendentif Or Diamants Saphir Karlie"},"content":{"rendered":"<p>Le collier Karlie est un magnifique bijou en or 18 carats orn\u00e9 de diamants et de pierres pr\u00e9cieuses. Les options de couleur de pierre incluent le saphir, l&rsquo;\u00e9meraude et le rubis. Le caratage total des diamants est de 0.95 carats, ajoutant une brillance scintillante au collier. La taille de la pierre est de 7 x 5 mm, ce qui cr\u00e9e un \u00e9quilibre parfait entre \u00e9l\u00e9gance et d\u00e9licatesse. Le collier Karlie est un choix glamour et sophistiqu\u00e9 pour compl\u00e9ter n&rsquo;importe quelle tenue et ajouter une touche de luxe \u00e0 votre style.<\/p>\n","protected":false},"excerpt":{"rendered":"<p>Le collier Karlie est un magnifique bijou en or 18 carats orn\u00e9 de diamants et de pierres pr\u00e9cieuses. Les options de couleur de pierre incluent le<span class=\"excerpt-hellip\"> [\u2026]<\/span><\/p>\n","protected":false},"featured_media":11865,"template":"","meta":{"_seopress_robots_primary_cat":"","_seopress_titles_title":"","_seopress_titles_desc":"","_seopress_robots_index":"","_seopress_analysis_target_kw":"","iawp_total_views":4},"product_brand":[],"product_cat":[93],"product_tag":[],"class_list":{"0":"post-55236","1":"product","2":"type-product","3":"status-publish","4":"has-post-thumbnail","6":"product_cat-colliers-pierres-precieuses","8":"first","9":"instock","10":"shipping-taxable","11":"purchasable","12":"product-type-variable"},"_links":{"self":[{"href":"https:\/\/www.tc26-bijoux.com\/index.php?rest_route=\/wp\/v2\/product\/55236","targetHints":{"allow":["GET"]}}],"collection":[{"href":"https:\/\/www.tc26-bijoux.com\/index.php?rest_route=\/wp\/v2\/product"}],"about":[{"href":"https:\/\/www.tc26-bijoux.com\/index.php?rest_route=\/wp\/v2\/types\/product"}],"wp:featuredmedia":[{"embeddable":true,"href":"https:\/\/www.tc26-bijoux.com\/index.php?rest_route=\/wp\/v2\/media\/11865"}],"wp:attachment":[{"href":"https:\/\/www.tc26-bijoux.com\/index.php?rest_route=%2Fwp%2Fv2%2Fmedia&parent=55236"}],"wp:term":[{"taxonomy":"product_brand","embeddable":true,"href":"https:\/\/www.tc26-bijoux.com\/index.php?rest_route=%2Fwp%2Fv2%2Fproduct_brand&post=55236"},{"taxonomy":"product_cat","embeddable":true,"href":"https:\/\/www.tc26-bijoux.com\/index.php?rest_route=%2Fwp%2Fv2%2Fproduct_cat&post=55236"},{"taxonomy":"product_tag","embeddable":true,"href":"https:\/\/www.tc26-bijoux.com\/index.php?rest_route=%2Fwp%2Fv2%2Fproduct_tag&post=55236"}],"curies":[{"name":"wp","href":"https:\/\/api.w.org\/{rel}","templated":true}]}}