{"id":55257,"date":"2025-03-12T12:06:46","date_gmt":"2025-03-12T11:06:46","guid":{"rendered":"https:\/\/www.tc26-bijoux.com\/?post_type=product&#038;p=55257"},"modified":"2025-03-21T14:10:22","modified_gmt":"2025-03-21T13:10:22","slug":"pendentif-or-diamants-rubis-kim","status":"publish","type":"product","link":"https:\/\/www.tc26-bijoux.com\/?product=pendentif-or-diamants-rubis-kim","title":{"rendered":"Pendentif Or Diamants Rubis Kim"},"content":{"rendered":"<p>Le collier Kim est fabriqu\u00e9 en or 18 carats et est orn\u00e9 de diamants avec des pierres de couleur saphir, rubis et \u00e9meraude. Les diamants ajoutent une touche d&rsquo;\u00e9clat et mettent en valeur la beaut\u00e9 des pierres pr\u00e9cieuses color\u00e9es. La nature des pierres est donc compos\u00e9e de diamants ainsi que de saphirs, rubis et \u00e9meraudes. Le caratage total des diamants dans le collier est de 0.80 carats. Ce collier est un choix \u00e9l\u00e9gant et luxueux pour ajouter une touche de couleur et de brillance \u00e0 votre tenue.<\/p>\n","protected":false},"excerpt":{"rendered":"<p>Le collier Kim est fabriqu\u00e9 en or 18 carats et est orn\u00e9 de diamants avec des pierres de couleur saphir, rubis et \u00e9meraude. Les diamants ajoutent<span class=\"excerpt-hellip\"> [\u2026]<\/span><\/p>\n","protected":false},"featured_media":11840,"template":"","meta":{"_seopress_robots_primary_cat":"","_seopress_titles_title":"","_seopress_titles_desc":"","_seopress_robots_index":"","_seopress_analysis_target_kw":"","iawp_total_views":3},"product_brand":[],"product_cat":[93],"product_tag":[],"class_list":{"0":"post-55257","1":"product","2":"type-product","3":"status-publish","4":"has-post-thumbnail","6":"product_cat-colliers-pierres-precieuses","8":"first","9":"instock","10":"shipping-taxable","11":"purchasable","12":"product-type-variable"},"_links":{"self":[{"href":"https:\/\/www.tc26-bijoux.com\/index.php?rest_route=\/wp\/v2\/product\/55257","targetHints":{"allow":["GET"]}}],"collection":[{"href":"https:\/\/www.tc26-bijoux.com\/index.php?rest_route=\/wp\/v2\/product"}],"about":[{"href":"https:\/\/www.tc26-bijoux.com\/index.php?rest_route=\/wp\/v2\/types\/product"}],"wp:featuredmedia":[{"embeddable":true,"href":"https:\/\/www.tc26-bijoux.com\/index.php?rest_route=\/wp\/v2\/media\/11840"}],"wp:attachment":[{"href":"https:\/\/www.tc26-bijoux.com\/index.php?rest_route=%2Fwp%2Fv2%2Fmedia&parent=55257"}],"wp:term":[{"taxonomy":"product_brand","embeddable":true,"href":"https:\/\/www.tc26-bijoux.com\/index.php?rest_route=%2Fwp%2Fv2%2Fproduct_brand&post=55257"},{"taxonomy":"product_cat","embeddable":true,"href":"https:\/\/www.tc26-bijoux.com\/index.php?rest_route=%2Fwp%2Fv2%2Fproduct_cat&post=55257"},{"taxonomy":"product_tag","embeddable":true,"href":"https:\/\/www.tc26-bijoux.com\/index.php?rest_route=%2Fwp%2Fv2%2Fproduct_tag&post=55257"}],"curies":[{"name":"wp","href":"https:\/\/api.w.org\/{rel}","templated":true}]}}