{"id":55282,"date":"2025-03-12T12:06:55","date_gmt":"2025-03-12T11:06:55","guid":{"rendered":"https:\/\/www.tc26-bijoux.com\/?post_type=product&#038;p=55282"},"modified":"2025-03-21T14:10:22","modified_gmt":"2025-03-21T13:10:22","slug":"pendentif-diamants-saphir-madeline","status":"publish","type":"product","link":"https:\/\/www.tc26-bijoux.com\/?product=pendentif-diamants-saphir-madeline","title":{"rendered":"Pendentif Diamants Saphir Madeline"},"content":{"rendered":"<p>Le Pendentif Madeline est une pi\u00e8ce ma\u00eetresse de l&rsquo;art joaillier, incrust\u00e9 de sophistication et d&rsquo;\u00e9l\u00e9gance. Confectionn\u00e9 avec un art exquis en or 18 carats, il \u00e9voque une esth\u00e9tique intemporelle. Avec un poids d\u00e9licat de 3,71 grammes d&rsquo;or, ce Pendentif marie subtilement la l\u00e9g\u00e8ret\u00e9 \u00e0 la splendeur. Le  Pendentif se distingue par la pr\u00e9sence remarquable de 0,50 carat de diamants, capturant la lumi\u00e8re d&rsquo;une mani\u00e8re enchanteresse. Un saphir d&rsquo;une rare beaut\u00e9, d&rsquo;une taille de 1,10 carats, ajoute une touche de majest\u00e9 \u00e0 l&rsquo;ensemble. Le Madeline Pendentif est une \u0153uvre d&rsquo;art qui t\u00e9moigne de la ma\u00eetrise de la haute joaillerie, destin\u00e9 \u00e0 rehausser la beaut\u00e9 naturelle de celle qui le porte, marquant un sommet de raffinement et de pr\u00e9ciosit\u00e9.<\/p>\n","protected":false},"excerpt":{"rendered":"<p>Mati\u00e8re: Or 18 K<\/p>\n<p>Poids Or: 3.71 gr<\/p>\n<p>Poids Diamants: 0.50 Carats<\/p>\n<p>Shaphire: 1.10 Carats<\/p>\n","protected":false},"featured_media":14533,"template":"","meta":{"_seopress_robots_primary_cat":"","_seopress_titles_title":"","_seopress_titles_desc":"","_seopress_robots_index":"","_seopress_analysis_target_kw":"","iawp_total_views":0},"product_brand":[],"product_cat":[93],"product_tag":[],"class_list":{"0":"post-55282","1":"product","2":"type-product","3":"status-publish","4":"has-post-thumbnail","6":"product_cat-colliers-pierres-precieuses","8":"first","9":"instock","10":"shipping-taxable","11":"purchasable","12":"product-type-variable"},"_links":{"self":[{"href":"https:\/\/www.tc26-bijoux.com\/index.php?rest_route=\/wp\/v2\/product\/55282","targetHints":{"allow":["GET"]}}],"collection":[{"href":"https:\/\/www.tc26-bijoux.com\/index.php?rest_route=\/wp\/v2\/product"}],"about":[{"href":"https:\/\/www.tc26-bijoux.com\/index.php?rest_route=\/wp\/v2\/types\/product"}],"wp:featuredmedia":[{"embeddable":true,"href":"https:\/\/www.tc26-bijoux.com\/index.php?rest_route=\/wp\/v2\/media\/14533"}],"wp:attachment":[{"href":"https:\/\/www.tc26-bijoux.com\/index.php?rest_route=%2Fwp%2Fv2%2Fmedia&parent=55282"}],"wp:term":[{"taxonomy":"product_brand","embeddable":true,"href":"https:\/\/www.tc26-bijoux.com\/index.php?rest_route=%2Fwp%2Fv2%2Fproduct_brand&post=55282"},{"taxonomy":"product_cat","embeddable":true,"href":"https:\/\/www.tc26-bijoux.com\/index.php?rest_route=%2Fwp%2Fv2%2Fproduct_cat&post=55282"},{"taxonomy":"product_tag","embeddable":true,"href":"https:\/\/www.tc26-bijoux.com\/index.php?rest_route=%2Fwp%2Fv2%2Fproduct_tag&post=55282"}],"curies":[{"name":"wp","href":"https:\/\/api.w.org\/{rel}","templated":true}]}}