{"id":55298,"date":"2025-03-12T12:06:57","date_gmt":"2025-03-12T11:06:57","guid":{"rendered":"https:\/\/www.tc26-bijoux.com\/?post_type=product&#038;p=55298"},"modified":"2025-03-21T14:10:29","modified_gmt":"2025-03-21T13:10:29","slug":"pendentif-diamants-rubis-geniva","status":"publish","type":"product","link":"https:\/\/www.tc26-bijoux.com\/?product=pendentif-diamants-rubis-geniva","title":{"rendered":"Pendentif Diamants Rubis Geniva"},"content":{"rendered":"<p>Le pendentif Geniva est un chef-d&rsquo;\u0153uvre de l&rsquo;artisanat joaillier, fusionnant avec \u00e9l\u00e9gance l&rsquo;opulence et le raffinement. Confectionn\u00e9 avec pr\u00e9cision en or 18 carats, il \u00e9voque une esth\u00e9tique intemporelle d&rsquo;une rare splendeur. Malgr\u00e9 son poids d\u00e9licat de 3,72 grammes, ce pendentif parvient \u00e0 allier l\u00e9g\u00e8ret\u00e9 et une pr\u00e9cieuse exquise. Les 0,50 carats de diamants qui ornent cette pi\u00e8ce diffusent une lumi\u00e8re subtile, tout en accentuant l&rsquo;aura de pr\u00e9ciosit\u00e9. Un rubis d&rsquo;une rare beaut\u00e9, d&rsquo;un poids de 0,99 carats, tr\u00f4ne majestueusement au c\u0153ur de ce pendentif. Le pendentif Geniva est un t\u00e9moignage de l&rsquo;expertise supr\u00eame de la haute joaillerie, cr\u00e9\u00e9 pour sublimer la gr\u00e2ce naturelle de celle qui le porte, alliant excellence, raffinement et une passion pour la beaut\u00e9 et la pr\u00e9ciosit\u00e9.<\/p>\n","protected":false},"excerpt":{"rendered":"<p>Matiere: Or 18K<\/p>\n<p>Poids Or: 3.72 gr<\/p>\n<p>Poids Diamants: 0.50 Carats<\/p>\n<p>Rubis: 0.99 Carrats<\/p>\n","protected":false},"featured_media":14534,"template":"","meta":{"_seopress_robots_primary_cat":"","_seopress_titles_title":"","_seopress_titles_desc":"","_seopress_robots_index":"","_seopress_analysis_target_kw":"","iawp_total_views":2},"product_brand":[],"product_cat":[93],"product_tag":[],"class_list":{"0":"post-55298","1":"product","2":"type-product","3":"status-publish","4":"has-post-thumbnail","6":"product_cat-colliers-pierres-precieuses","8":"first","9":"instock","10":"shipping-taxable","11":"purchasable","12":"product-type-variable"},"_links":{"self":[{"href":"https:\/\/www.tc26-bijoux.com\/index.php?rest_route=\/wp\/v2\/product\/55298","targetHints":{"allow":["GET"]}}],"collection":[{"href":"https:\/\/www.tc26-bijoux.com\/index.php?rest_route=\/wp\/v2\/product"}],"about":[{"href":"https:\/\/www.tc26-bijoux.com\/index.php?rest_route=\/wp\/v2\/types\/product"}],"wp:featuredmedia":[{"embeddable":true,"href":"https:\/\/www.tc26-bijoux.com\/index.php?rest_route=\/wp\/v2\/media\/14534"}],"wp:attachment":[{"href":"https:\/\/www.tc26-bijoux.com\/index.php?rest_route=%2Fwp%2Fv2%2Fmedia&parent=55298"}],"wp:term":[{"taxonomy":"product_brand","embeddable":true,"href":"https:\/\/www.tc26-bijoux.com\/index.php?rest_route=%2Fwp%2Fv2%2Fproduct_brand&post=55298"},{"taxonomy":"product_cat","embeddable":true,"href":"https:\/\/www.tc26-bijoux.com\/index.php?rest_route=%2Fwp%2Fv2%2Fproduct_cat&post=55298"},{"taxonomy":"product_tag","embeddable":true,"href":"https:\/\/www.tc26-bijoux.com\/index.php?rest_route=%2Fwp%2Fv2%2Fproduct_tag&post=55298"}],"curies":[{"name":"wp","href":"https:\/\/api.w.org\/{rel}","templated":true}]}}