{"id":55323,"date":"2025-03-12T12:07:06","date_gmt":"2025-03-12T11:07:06","guid":{"rendered":"https:\/\/www.tc26-bijoux.com\/?post_type=product&#038;p=55323"},"modified":"2025-03-21T14:10:29","modified_gmt":"2025-03-21T13:10:29","slug":"riviere-diamants-poire-emeraude-alisa","status":"publish","type":"product","link":"https:\/\/www.tc26-bijoux.com\/?product=riviere-diamants-poire-emeraude-alisa","title":{"rendered":"Rivi\u00e8re Diamants Poire \u00e9meraude Alisa"},"content":{"rendered":"<p>Le collier rivi\u00e8re en diamants et or 18 carats avec des pierres en forme de poire \u00e9meraude est une pi\u00e8ce magnifique et luxueuse. Fabriqu\u00e9 en or 18 carats, ce collier met en valeur des diamants d&rsquo;un poids total de 1,10 carat et des \u00e9meraudes d&rsquo;un poids total de 1,40 carat. Les pierres en forme de poire ajoutent une touche d&rsquo;\u00e9l\u00e9gance et de sophistication \u00e0 ce collier. Que ce soit pour une occasion sp\u00e9ciale ou pour compl\u00e9ter votre look quotidien, ce collier ravissant sera un ajout remarquable \u00e0 votre collection de bijoux.<\/p>\n","protected":false},"excerpt":{"rendered":"<p>Le collier rivi\u00e8re en diamants et or 18 carats avec des pierres en forme de poire \u00e9meraude est une pi\u00e8ce magnifique et luxueuse. Fabriqu\u00e9 en or<span class=\"excerpt-hellip\"> [\u2026]<\/span><\/p>\n","protected":false},"featured_media":14334,"template":"","meta":{"_seopress_robots_primary_cat":"","_seopress_titles_title":"","_seopress_titles_desc":"","_seopress_robots_index":"","_seopress_analysis_target_kw":"","iawp_total_views":8},"product_brand":[],"product_cat":[90],"product_tag":[],"class_list":{"0":"post-55323","1":"product","2":"type-product","3":"status-publish","4":"has-post-thumbnail","6":"product_cat-colliers-rivieres","8":"first","9":"instock","10":"shipping-taxable","11":"purchasable","12":"product-type-variable"},"_links":{"self":[{"href":"https:\/\/www.tc26-bijoux.com\/index.php?rest_route=\/wp\/v2\/product\/55323","targetHints":{"allow":["GET"]}}],"collection":[{"href":"https:\/\/www.tc26-bijoux.com\/index.php?rest_route=\/wp\/v2\/product"}],"about":[{"href":"https:\/\/www.tc26-bijoux.com\/index.php?rest_route=\/wp\/v2\/types\/product"}],"wp:featuredmedia":[{"embeddable":true,"href":"https:\/\/www.tc26-bijoux.com\/index.php?rest_route=\/wp\/v2\/media\/14334"}],"wp:attachment":[{"href":"https:\/\/www.tc26-bijoux.com\/index.php?rest_route=%2Fwp%2Fv2%2Fmedia&parent=55323"}],"wp:term":[{"taxonomy":"product_brand","embeddable":true,"href":"https:\/\/www.tc26-bijoux.com\/index.php?rest_route=%2Fwp%2Fv2%2Fproduct_brand&post=55323"},{"taxonomy":"product_cat","embeddable":true,"href":"https:\/\/www.tc26-bijoux.com\/index.php?rest_route=%2Fwp%2Fv2%2Fproduct_cat&post=55323"},{"taxonomy":"product_tag","embeddable":true,"href":"https:\/\/www.tc26-bijoux.com\/index.php?rest_route=%2Fwp%2Fv2%2Fproduct_tag&post=55323"}],"curies":[{"name":"wp","href":"https:\/\/api.w.org\/{rel}","templated":true}]}}