{"id":55328,"date":"2025-03-12T12:07:07","date_gmt":"2025-03-12T11:07:07","guid":{"rendered":"https:\/\/www.tc26-bijoux.com\/?post_type=product&#038;p=55328"},"modified":"2025-03-21T14:10:29","modified_gmt":"2025-03-21T13:10:29","slug":"collier-diamants-et-or-18-carats-riviere-dream","status":"publish","type":"product","link":"https:\/\/www.tc26-bijoux.com\/?product=collier-diamants-et-or-18-carats-riviere-dream","title":{"rendered":"Collier Diamants et Or 18 Carats Rivi\u00e8re Dream"},"content":{"rendered":"<p>Le collier \u00ab\u00a0Rivi\u00e8re Dream\u00a0\u00bb en diamants et or 18 carats est un bijou de luxe d&rsquo;une beaut\u00e9 exceptionnelle. Les diamants, d&rsquo;une couleur G et d&rsquo;une puret\u00e9 VS, cr\u00e9ent une brillance \u00e9blouissante. Le collier est disponible en deux options de poids total des diamants : 4,00 carats ou 8,00 carats. Les diamants ont une taille de 3,1 mm ou 5,00 mm, ajoutant une dimension et une pr\u00e9sence remarquables \u00e0 ce collier. Fabriqu\u00e9 en or blanc, ce collier est un choix magnifique pour les occasions sp\u00e9ciales o\u00f9 vous souhaitez briller et captiver tous les regards.<\/p>\n","protected":false},"excerpt":{"rendered":"<p>Mati\u00e8re : Or 18 carat\u00a0<\/p>\n<p>Couleur m\u00e9tal : Blanc\u00a0<\/p>\n<p>Nature des Pierres : Diamants\u00a0\u00a0<\/p>\n<p>Poid total des Diamants : 4.00 \/\u00a0 8.00\u00a0Carats\u00a0\u00a0<\/p>\n<p>Taille :\u00a0 3.1 \/ 5.00 mm<\/p>\n<p>Couleur\u00a0 des Diamants : G<\/p>\n<p>Puret\u00e9 des Diamants : VS<\/p>\n<p>R\u00e9f\u00e9rence : XYN1164 \/ BJN0032<\/p>\n","protected":false},"featured_media":11140,"template":"","meta":{"_seopress_robots_primary_cat":"","_seopress_titles_title":"","_seopress_titles_desc":"","_seopress_robots_index":"","_seopress_analysis_target_kw":"","iawp_total_views":12},"product_brand":[],"product_cat":[90],"product_tag":[],"class_list":{"0":"post-55328","1":"product","2":"type-product","3":"status-publish","4":"has-post-thumbnail","6":"product_cat-colliers-rivieres","8":"first","9":"instock","10":"shipping-taxable","11":"purchasable","12":"product-type-variable"},"_links":{"self":[{"href":"https:\/\/www.tc26-bijoux.com\/index.php?rest_route=\/wp\/v2\/product\/55328","targetHints":{"allow":["GET"]}}],"collection":[{"href":"https:\/\/www.tc26-bijoux.com\/index.php?rest_route=\/wp\/v2\/product"}],"about":[{"href":"https:\/\/www.tc26-bijoux.com\/index.php?rest_route=\/wp\/v2\/types\/product"}],"wp:featuredmedia":[{"embeddable":true,"href":"https:\/\/www.tc26-bijoux.com\/index.php?rest_route=\/wp\/v2\/media\/11140"}],"wp:attachment":[{"href":"https:\/\/www.tc26-bijoux.com\/index.php?rest_route=%2Fwp%2Fv2%2Fmedia&parent=55328"}],"wp:term":[{"taxonomy":"product_brand","embeddable":true,"href":"https:\/\/www.tc26-bijoux.com\/index.php?rest_route=%2Fwp%2Fv2%2Fproduct_brand&post=55328"},{"taxonomy":"product_cat","embeddable":true,"href":"https:\/\/www.tc26-bijoux.com\/index.php?rest_route=%2Fwp%2Fv2%2Fproduct_cat&post=55328"},{"taxonomy":"product_tag","embeddable":true,"href":"https:\/\/www.tc26-bijoux.com\/index.php?rest_route=%2Fwp%2Fv2%2Fproduct_tag&post=55328"}],"curies":[{"name":"wp","href":"https:\/\/api.w.org\/{rel}","templated":true}]}}