{"id":55378,"date":"2025-03-12T12:07:21","date_gmt":"2025-03-12T11:07:21","guid":{"rendered":"https:\/\/www.tc26-bijoux.com\/?post_type=product&#038;p=55378"},"modified":"2025-04-11T12:44:55","modified_gmt":"2025-04-11T10:44:55","slug":"riviere-diamants-anouck","status":"publish","type":"product","link":"https:\/\/www.tc26-bijoux.com\/?product=riviere-diamants-anouck","title":{"rendered":"Rivi\u00e8re Diamants Anouck"},"content":{"rendered":"<p>Le collier Rivi\u00e8re Anouck en or 18 carats est un bijou \u00e9blouissant disponible en diff\u00e9rentes couleurs d&rsquo;or: blanc, jaune et rose. Il est orn\u00e9 de diamants \u00e9tincelants, avec un poids total qui varie entre 4,37 carats et 35,91 carats, selon votre choix. Les diamants ont une couleur G et une puret\u00e9 de VS, garantissant leur qualit\u00e9 et leur \u00e9clat. Ce collier Rivi\u00e8re Anouck est un choix luxueux et spectaculaire, ajoutant une touche de glamour \u00e0 toute tenue.<\/p>\n","protected":false},"excerpt":{"rendered":"<p>Le collier Rivi\u00e8re Anouck en or 18 carats est un bijou \u00e9blouissant disponible en diff\u00e9rentes couleurs d&rsquo;or: blanc, jaune et rose. Il est orn\u00e9 de diamants<span class=\"excerpt-hellip\"> [\u2026]<\/span><\/p>\n","protected":false},"featured_media":11115,"template":"","meta":{"_seopress_robots_primary_cat":"","_seopress_titles_title":"","_seopress_titles_desc":"","_seopress_robots_index":"","_seopress_analysis_target_kw":"","iawp_total_views":19},"product_brand":[],"product_cat":[90,15],"product_tag":[],"class_list":{"0":"post-55378","1":"product","2":"type-product","3":"status-publish","4":"has-post-thumbnail","6":"product_cat-colliers-rivieres","7":"product_cat-home-tc26-bijoux","9":"first","10":"instock","11":"shipping-taxable","12":"purchasable","13":"product-type-variable"},"_links":{"self":[{"href":"https:\/\/www.tc26-bijoux.com\/index.php?rest_route=\/wp\/v2\/product\/55378","targetHints":{"allow":["GET"]}}],"collection":[{"href":"https:\/\/www.tc26-bijoux.com\/index.php?rest_route=\/wp\/v2\/product"}],"about":[{"href":"https:\/\/www.tc26-bijoux.com\/index.php?rest_route=\/wp\/v2\/types\/product"}],"wp:featuredmedia":[{"embeddable":true,"href":"https:\/\/www.tc26-bijoux.com\/index.php?rest_route=\/wp\/v2\/media\/11115"}],"wp:attachment":[{"href":"https:\/\/www.tc26-bijoux.com\/index.php?rest_route=%2Fwp%2Fv2%2Fmedia&parent=55378"}],"wp:term":[{"taxonomy":"product_brand","embeddable":true,"href":"https:\/\/www.tc26-bijoux.com\/index.php?rest_route=%2Fwp%2Fv2%2Fproduct_brand&post=55378"},{"taxonomy":"product_cat","embeddable":true,"href":"https:\/\/www.tc26-bijoux.com\/index.php?rest_route=%2Fwp%2Fv2%2Fproduct_cat&post=55378"},{"taxonomy":"product_tag","embeddable":true,"href":"https:\/\/www.tc26-bijoux.com\/index.php?rest_route=%2Fwp%2Fv2%2Fproduct_tag&post=55378"}],"curies":[{"name":"wp","href":"https:\/\/api.w.org\/{rel}","templated":true}]}}