{"id":55409,"date":"2025-03-12T12:07:31","date_gmt":"2025-03-12T11:07:31","guid":{"rendered":"https:\/\/www.tc26-bijoux.com\/?post_type=product&#038;p=55409"},"modified":"2025-03-21T14:10:34","modified_gmt":"2025-03-21T13:10:34","slug":"riviere-diamants-axelle","status":"publish","type":"product","link":"https:\/\/www.tc26-bijoux.com\/?product=riviere-diamants-axelle","title":{"rendered":"Rivi\u00e8re Diamants Axelle"},"content":{"rendered":"<p>Le collier Riviere Axelle en or 18 carats est un superbe bijou de luxe. Disponible en couleur or blanc ou or jaune, il est orn\u00e9 d&rsquo;une rang\u00e9e de diamants \u00e9tincelants. Le poids total des diamants est de 9,75 carats, avec une taille variant de 0,05 \u00e0 0,14 carat pour chaque diamant. Les diamants sont de couleur G et de puret\u00e9 VS, ce qui garantit leur \u00e9clat et leur qualit\u00e9 exceptionnels. Avec une taille de 4,60 mm, ce collier est un choix impressionnant et \u00e9l\u00e9gant qui ajoutera une touche de glamour \u00e0 n&rsquo;importe quelle tenue. Portez le collier Riviere Axelle pour des occasions sp\u00e9ciales ou pour vous faire plaisir avec un bijou intemporel et sophistiqu\u00e9.<\/p>\n","protected":false},"excerpt":{"rendered":"<p>Le collier Riviere Axelle en or 18 carats est un superbe bijou de luxe. Disponible en couleur or blanc ou or jaune, il est orn\u00e9 d&rsquo;une<span class=\"excerpt-hellip\"> [\u2026]<\/span><\/p>\n","protected":false},"featured_media":11162,"template":"","meta":{"_seopress_robots_primary_cat":"","_seopress_titles_title":"","_seopress_titles_desc":"","_seopress_robots_index":"","_seopress_analysis_target_kw":"","iawp_total_views":4},"product_brand":[],"product_cat":[90],"product_tag":[],"class_list":{"0":"post-55409","1":"product","2":"type-product","3":"status-publish","4":"has-post-thumbnail","6":"product_cat-colliers-rivieres","8":"first","9":"instock","10":"shipping-taxable","11":"purchasable","12":"product-type-variable"},"_links":{"self":[{"href":"https:\/\/www.tc26-bijoux.com\/index.php?rest_route=\/wp\/v2\/product\/55409","targetHints":{"allow":["GET"]}}],"collection":[{"href":"https:\/\/www.tc26-bijoux.com\/index.php?rest_route=\/wp\/v2\/product"}],"about":[{"href":"https:\/\/www.tc26-bijoux.com\/index.php?rest_route=\/wp\/v2\/types\/product"}],"wp:featuredmedia":[{"embeddable":true,"href":"https:\/\/www.tc26-bijoux.com\/index.php?rest_route=\/wp\/v2\/media\/11162"}],"wp:attachment":[{"href":"https:\/\/www.tc26-bijoux.com\/index.php?rest_route=%2Fwp%2Fv2%2Fmedia&parent=55409"}],"wp:term":[{"taxonomy":"product_brand","embeddable":true,"href":"https:\/\/www.tc26-bijoux.com\/index.php?rest_route=%2Fwp%2Fv2%2Fproduct_brand&post=55409"},{"taxonomy":"product_cat","embeddable":true,"href":"https:\/\/www.tc26-bijoux.com\/index.php?rest_route=%2Fwp%2Fv2%2Fproduct_cat&post=55409"},{"taxonomy":"product_tag","embeddable":true,"href":"https:\/\/www.tc26-bijoux.com\/index.php?rest_route=%2Fwp%2Fv2%2Fproduct_tag&post=55409"}],"curies":[{"name":"wp","href":"https:\/\/api.w.org\/{rel}","templated":true}]}}