{"id":55414,"date":"2025-03-12T12:07:36","date_gmt":"2025-03-12T11:07:36","guid":{"rendered":"https:\/\/www.tc26-bijoux.com\/?post_type=product&#038;p=55414"},"modified":"2025-03-21T14:10:34","modified_gmt":"2025-03-21T13:10:34","slug":"riviere-diamants-judith","status":"publish","type":"product","link":"https:\/\/www.tc26-bijoux.com\/?product=riviere-diamants-judith","title":{"rendered":"Rivi\u00e8re Diamants Judith"},"content":{"rendered":"<p>Le collier rivi\u00e8re Judith en or 18 carats est un bijou de haute qualit\u00e9, mettant en valeur la beaut\u00e9 intemporelle des diamants. Les diamants scintillants, d&rsquo;un poids total de 11.00 carats, sont soigneusement s\u00e9lectionn\u00e9s pour leur \u00e9clat et leur puret\u00e9. Chaque pierre est mont\u00e9e avec pr\u00e9cision dans une configuration qui permet \u00e0 la lumi\u00e8re de les traverser, cr\u00e9ant un jeu de lumi\u00e8re enchanteur. Ce collier est un symbole de sophistication et de gr\u00e2ce, capable de rehausser n&rsquo;importe quelle tenue, que ce soit pour une occasion sp\u00e9ciale ou pour un usage quotidien. Il est con\u00e7u pour capturer l&rsquo;attention et refl\u00e9ter la beaut\u00e9 int\u00e9rieure de celle qui le porte.<\/p>\n","protected":false},"excerpt":{"rendered":"<p>Mati\u00e8re : Or 18 carat\u00a0<\/p>\n<p>Couleur m\u00e9tal : Blanc\u00a0<\/p>\n<p>Nature des Pierres : Diamants\u00a0\u00a0<\/p>\n<p>Poid total des Diamants : 11.00\u00a0Carats\u00a0\u00a0<\/p>\n<p>Couleur\u00a0 des Diamants : G<\/p>\n<p>Puret\u00e9 des Diamants : VS<\/p>\n<p>R\u00e9f\u00e9rence : XYN0689<\/p>\n","protected":false},"featured_media":11164,"template":"","meta":{"_seopress_robots_primary_cat":"","_seopress_titles_title":"","_seopress_titles_desc":"","_seopress_robots_index":"","_seopress_analysis_target_kw":"","iawp_total_views":2},"product_brand":[],"product_cat":[90],"product_tag":[],"class_list":{"0":"post-55414","1":"product","2":"type-product","3":"status-publish","4":"has-post-thumbnail","6":"product_cat-colliers-rivieres","8":"first","9":"instock","10":"shipping-taxable","11":"purchasable","12":"product-type-variable"},"_links":{"self":[{"href":"https:\/\/www.tc26-bijoux.com\/index.php?rest_route=\/wp\/v2\/product\/55414","targetHints":{"allow":["GET"]}}],"collection":[{"href":"https:\/\/www.tc26-bijoux.com\/index.php?rest_route=\/wp\/v2\/product"}],"about":[{"href":"https:\/\/www.tc26-bijoux.com\/index.php?rest_route=\/wp\/v2\/types\/product"}],"wp:featuredmedia":[{"embeddable":true,"href":"https:\/\/www.tc26-bijoux.com\/index.php?rest_route=\/wp\/v2\/media\/11164"}],"wp:attachment":[{"href":"https:\/\/www.tc26-bijoux.com\/index.php?rest_route=%2Fwp%2Fv2%2Fmedia&parent=55414"}],"wp:term":[{"taxonomy":"product_brand","embeddable":true,"href":"https:\/\/www.tc26-bijoux.com\/index.php?rest_route=%2Fwp%2Fv2%2Fproduct_brand&post=55414"},{"taxonomy":"product_cat","embeddable":true,"href":"https:\/\/www.tc26-bijoux.com\/index.php?rest_route=%2Fwp%2Fv2%2Fproduct_cat&post=55414"},{"taxonomy":"product_tag","embeddable":true,"href":"https:\/\/www.tc26-bijoux.com\/index.php?rest_route=%2Fwp%2Fv2%2Fproduct_tag&post=55414"}],"curies":[{"name":"wp","href":"https:\/\/api.w.org\/{rel}","templated":true}]}}