{"id":55445,"date":"2025-03-12T12:07:41","date_gmt":"2025-03-12T11:07:41","guid":{"rendered":"https:\/\/www.tc26-bijoux.com\/?post_type=product&#038;p=55445"},"modified":"2025-03-21T14:10:37","modified_gmt":"2025-03-21T13:10:37","slug":"collier-cravate-diamants-annaele","status":"publish","type":"product","link":"https:\/\/www.tc26-bijoux.com\/?product=collier-cravate-diamants-annaele","title":{"rendered":"Collier Cravate Diamants Annaele"},"content":{"rendered":"<p>Le collier Rivi\u00e8re Annaele en or 18 carats est un bijou \u00e9blouissant en or blanc. Il est compos\u00e9 de diamants \u00e9tincelants, avec un poids total de 7,50 carats. Les diamants ont une taille variant entre 0,04 et 0,18 carats, et une couleur G avec une puret\u00e9 de VS, assurant une qualit\u00e9 exceptionnelle. Ce collier est un v\u00e9ritable chef-d&rsquo;\u0153uvre de joaillerie, parfait pour ajouter une touche de glamour et de luxe \u00e0 toutes les occasions sp\u00e9ciales.<\/p>\n","protected":false},"excerpt":{"rendered":"<p>Le collier Rivi\u00e8re Annaele en or 18 carats est un bijou \u00e9blouissant en or blanc. Il est compos\u00e9 de diamants \u00e9tincelants, avec un poids total de<span class=\"excerpt-hellip\"> [\u2026]<\/span><\/p>\n","protected":false},"featured_media":11116,"template":"","meta":{"_seopress_robots_primary_cat":"","_seopress_titles_title":"","_seopress_titles_desc":"","_seopress_robots_index":"","_seopress_analysis_target_kw":"","iawp_total_views":25},"product_brand":[],"product_cat":[90],"product_tag":[],"class_list":{"0":"post-55445","1":"product","2":"type-product","3":"status-publish","4":"has-post-thumbnail","6":"product_cat-colliers-rivieres","8":"first","9":"instock","10":"shipping-taxable","11":"purchasable","12":"product-type-variable"},"_links":{"self":[{"href":"https:\/\/www.tc26-bijoux.com\/index.php?rest_route=\/wp\/v2\/product\/55445","targetHints":{"allow":["GET"]}}],"collection":[{"href":"https:\/\/www.tc26-bijoux.com\/index.php?rest_route=\/wp\/v2\/product"}],"about":[{"href":"https:\/\/www.tc26-bijoux.com\/index.php?rest_route=\/wp\/v2\/types\/product"}],"wp:featuredmedia":[{"embeddable":true,"href":"https:\/\/www.tc26-bijoux.com\/index.php?rest_route=\/wp\/v2\/media\/11116"}],"wp:attachment":[{"href":"https:\/\/www.tc26-bijoux.com\/index.php?rest_route=%2Fwp%2Fv2%2Fmedia&parent=55445"}],"wp:term":[{"taxonomy":"product_brand","embeddable":true,"href":"https:\/\/www.tc26-bijoux.com\/index.php?rest_route=%2Fwp%2Fv2%2Fproduct_brand&post=55445"},{"taxonomy":"product_cat","embeddable":true,"href":"https:\/\/www.tc26-bijoux.com\/index.php?rest_route=%2Fwp%2Fv2%2Fproduct_cat&post=55445"},{"taxonomy":"product_tag","embeddable":true,"href":"https:\/\/www.tc26-bijoux.com\/index.php?rest_route=%2Fwp%2Fv2%2Fproduct_tag&post=55445"}],"curies":[{"name":"wp","href":"https:\/\/api.w.org\/{rel}","templated":true}]}}