{"id":55450,"date":"2025-03-12T12:07:46","date_gmt":"2025-03-12T11:07:46","guid":{"rendered":"https:\/\/www.tc26-bijoux.com\/?post_type=product&#038;p=55450"},"modified":"2025-03-21T14:10:39","modified_gmt":"2025-03-21T13:10:39","slug":"collier-cravate-diamants-raphaelle","status":"publish","type":"product","link":"https:\/\/www.tc26-bijoux.com\/?product=collier-cravate-diamants-raphaelle","title":{"rendered":"Collier Cravate Diamants Raphaelle"},"content":{"rendered":"<p>Le collier cravate  Raphaelle est une pi\u00e8ce magnifique en Or 18 Carats, disponible en trois variantes de couleur : Blanc, Jaune et Rose. Il est serti de diamants d&rsquo;une beaut\u00e9 exceptionnelle. Le poids total des diamants varie selon les versions, avec des options de 10.6 carats, 11.55 carats et 16.55 carats. Les diamants ont des tailles diff\u00e9rentes, allant de 0.04 carats \u00e0 0.25 carats, 0.04 carats \u00e0 0.23 carats et 0.09 carats \u00e0 0.40 carats, ajoutant une vari\u00e9t\u00e9 de tailles et de scintillement \u00e0 ce collier \u00e9blouissant.<\/p>\n","protected":false},"excerpt":{"rendered":"<p>Le collier cravate Raphaelle est une pi\u00e8ce magnifique en Or 18 Carats, disponible en trois variantes de couleur : Blanc, Jaune et Rose. Il est serti<span class=\"excerpt-hellip\"> [\u2026]<\/span><\/p>\n","protected":false},"featured_media":11137,"template":"","meta":{"_seopress_robots_primary_cat":"","_seopress_titles_title":"","_seopress_titles_desc":"","_seopress_robots_index":"","_seopress_analysis_target_kw":"","iawp_total_views":7},"product_brand":[],"product_cat":[90],"product_tag":[],"class_list":{"0":"post-55450","1":"product","2":"type-product","3":"status-publish","4":"has-post-thumbnail","6":"product_cat-colliers-rivieres","8":"first","9":"instock","10":"shipping-taxable","11":"purchasable","12":"product-type-variable"},"_links":{"self":[{"href":"https:\/\/www.tc26-bijoux.com\/index.php?rest_route=\/wp\/v2\/product\/55450","targetHints":{"allow":["GET"]}}],"collection":[{"href":"https:\/\/www.tc26-bijoux.com\/index.php?rest_route=\/wp\/v2\/product"}],"about":[{"href":"https:\/\/www.tc26-bijoux.com\/index.php?rest_route=\/wp\/v2\/types\/product"}],"wp:featuredmedia":[{"embeddable":true,"href":"https:\/\/www.tc26-bijoux.com\/index.php?rest_route=\/wp\/v2\/media\/11137"}],"wp:attachment":[{"href":"https:\/\/www.tc26-bijoux.com\/index.php?rest_route=%2Fwp%2Fv2%2Fmedia&parent=55450"}],"wp:term":[{"taxonomy":"product_brand","embeddable":true,"href":"https:\/\/www.tc26-bijoux.com\/index.php?rest_route=%2Fwp%2Fv2%2Fproduct_brand&post=55450"},{"taxonomy":"product_cat","embeddable":true,"href":"https:\/\/www.tc26-bijoux.com\/index.php?rest_route=%2Fwp%2Fv2%2Fproduct_cat&post=55450"},{"taxonomy":"product_tag","embeddable":true,"href":"https:\/\/www.tc26-bijoux.com\/index.php?rest_route=%2Fwp%2Fv2%2Fproduct_tag&post=55450"}],"curies":[{"name":"wp","href":"https:\/\/api.w.org\/{rel}","templated":true}]}}