{"id":55461,"date":"2025-03-12T12:07:47","date_gmt":"2025-03-12T11:07:47","guid":{"rendered":"https:\/\/www.tc26-bijoux.com\/?post_type=product&#038;p=55461"},"modified":"2025-03-21T14:10:39","modified_gmt":"2025-03-21T13:10:39","slug":"creole-diamants-et-or-18-carats-candy","status":"publish","type":"product","link":"https:\/\/www.tc26-bijoux.com\/?product=creole-diamants-et-or-18-carats-candy","title":{"rendered":"Cr\u00e9ole Diamants et Or 18 Carats Candy"},"content":{"rendered":"<p>Les cr\u00e9oles Candy en or 18 carats et diamants sont des bijoux d\u00e9licats et \u00e9l\u00e9gants. Les diamants d&rsquo;un caratage total de 0.06, 0.10 ou 0.20 carats apportent une touche subtile d&rsquo;\u00e9clat \u00e0 ces cr\u00e9oles. Les diamants ont une puret\u00e9 GVS, ce qui garantit leur clart\u00e9 et leur brillance. Les cr\u00e9oles Candy sont parfaites pour une utilisation quotidienne ou pour ajouter une touche de glamour \u00e0 une tenue sp\u00e9ciale. Leur design intemporel en fait des bijoux polyvalents qui peuvent \u00eatre appr\u00e9ci\u00e9s pendant de nombreuses ann\u00e9es.<\/p>\n","protected":false},"excerpt":{"rendered":"<p>Mati\u00e8re : Or 18 carat\u00a0<\/p>\n<p>Couleur m\u00e9tal : Blanc\u00a0<\/p>\n<p>Nature des Pierres : Diamants\u00a0<\/p>\n<p>Caratage\u00a0 total des Pierres\u00a0\u00a0: 0.06 \/ 0.10 \/ 0.20 Carats<\/p>\n<p>Puret\u00e9 \u00a0Diamants : GVS\u00a0<\/p>\n<p>Diametre :\u00a08 \/ 12.8 \/ 14.5\u00a0\u00a0mm\u00a0<\/p>\n<p>R\u00e9f\u00e9rence : BJE0178 \/ XYE2595 \/ BJE0011<\/p>\n","protected":false},"featured_media":656,"template":"","meta":{"_seopress_robots_primary_cat":"","_seopress_titles_title":"","_seopress_titles_desc":"","_seopress_robots_index":"","_seopress_analysis_target_kw":"","iawp_total_views":3},"product_brand":[],"product_cat":[84],"product_tag":[],"class_list":{"0":"post-55461","1":"product","2":"type-product","3":"status-publish","4":"has-post-thumbnail","6":"product_cat-creoles-diamants","8":"first","9":"instock","10":"shipping-taxable","11":"purchasable","12":"product-type-variable"},"_links":{"self":[{"href":"https:\/\/www.tc26-bijoux.com\/index.php?rest_route=\/wp\/v2\/product\/55461","targetHints":{"allow":["GET"]}}],"collection":[{"href":"https:\/\/www.tc26-bijoux.com\/index.php?rest_route=\/wp\/v2\/product"}],"about":[{"href":"https:\/\/www.tc26-bijoux.com\/index.php?rest_route=\/wp\/v2\/types\/product"}],"wp:featuredmedia":[{"embeddable":true,"href":"https:\/\/www.tc26-bijoux.com\/index.php?rest_route=\/wp\/v2\/media\/656"}],"wp:attachment":[{"href":"https:\/\/www.tc26-bijoux.com\/index.php?rest_route=%2Fwp%2Fv2%2Fmedia&parent=55461"}],"wp:term":[{"taxonomy":"product_brand","embeddable":true,"href":"https:\/\/www.tc26-bijoux.com\/index.php?rest_route=%2Fwp%2Fv2%2Fproduct_brand&post=55461"},{"taxonomy":"product_cat","embeddable":true,"href":"https:\/\/www.tc26-bijoux.com\/index.php?rest_route=%2Fwp%2Fv2%2Fproduct_cat&post=55461"},{"taxonomy":"product_tag","embeddable":true,"href":"https:\/\/www.tc26-bijoux.com\/index.php?rest_route=%2Fwp%2Fv2%2Fproduct_tag&post=55461"}],"curies":[{"name":"wp","href":"https:\/\/api.w.org\/{rel}","templated":true}]}}