{"id":55501,"date":"2025-03-12T12:07:59","date_gmt":"2025-03-12T11:07:59","guid":{"rendered":"https:\/\/www.tc26-bijoux.com\/?post_type=product&#038;p=55501"},"modified":"2025-03-21T14:10:42","modified_gmt":"2025-03-21T13:10:42","slug":"creole-or-diamants-celestia","status":"publish","type":"product","link":"https:\/\/www.tc26-bijoux.com\/?product=creole-or-diamants-celestia","title":{"rendered":"Cr\u00e9ole or Diamants Celestia"},"content":{"rendered":"<p>\u00c9voquant la splendeur c\u00e9leste, ces cr\u00e9oles Celestia captivent avec une \u00e9l\u00e9gance c\u00e9leste. Fa\u00e7onn\u00e9es dans un or 18 carats d&rsquo;une d\u00e9licate l\u00e9g\u00e8ret\u00e9 de 1.69 grammes, elles sont orn\u00e9es de diamants GVS, \u00e9clatant en un total de 0.04 carats. Chaque courbe r\u00e9v\u00e8le un mariage parfait entre la pr\u00e9ciosit\u00e9 de la mati\u00e8re et la brillance des gemmes, cr\u00e9ant une harmonie resplendissante. Ces cr\u00e9oles incarnent un raffinement subtil, transformant chaque instant en une exp\u00e9rience luxueuse. Une symphonie de style et de sophistication, elles illuminent avec discr\u00e9tion, ajoutant une touche de gr\u00e2ce \u00e0 toute occasion.<\/p>\n","protected":false},"excerpt":{"rendered":"<p>Mati\u00e8re\u00a0: Or 18 carat\u00a0 1.69\u00a0gr<\/p>\n<p>Nature des Pierres\u00a0: Diamants Gvs<\/p>\n<p>Caratage\u00a0 total des Pierres\u00a0\u00a0: 0.04\u00a0Carats<\/p>\n","protected":false},"featured_media":14817,"template":"","meta":{"_seopress_robots_primary_cat":"","_seopress_titles_title":"","_seopress_titles_desc":"","_seopress_robots_index":"","_seopress_analysis_target_kw":"","iawp_total_views":38},"product_brand":[],"product_cat":[84],"product_tag":[],"class_list":{"0":"post-55501","1":"product","2":"type-product","3":"status-publish","4":"has-post-thumbnail","6":"product_cat-creoles-diamants","8":"first","9":"instock","10":"shipping-taxable","11":"purchasable","12":"product-type-variable"},"_links":{"self":[{"href":"https:\/\/www.tc26-bijoux.com\/index.php?rest_route=\/wp\/v2\/product\/55501","targetHints":{"allow":["GET"]}}],"collection":[{"href":"https:\/\/www.tc26-bijoux.com\/index.php?rest_route=\/wp\/v2\/product"}],"about":[{"href":"https:\/\/www.tc26-bijoux.com\/index.php?rest_route=\/wp\/v2\/types\/product"}],"wp:featuredmedia":[{"embeddable":true,"href":"https:\/\/www.tc26-bijoux.com\/index.php?rest_route=\/wp\/v2\/media\/14817"}],"wp:attachment":[{"href":"https:\/\/www.tc26-bijoux.com\/index.php?rest_route=%2Fwp%2Fv2%2Fmedia&parent=55501"}],"wp:term":[{"taxonomy":"product_brand","embeddable":true,"href":"https:\/\/www.tc26-bijoux.com\/index.php?rest_route=%2Fwp%2Fv2%2Fproduct_brand&post=55501"},{"taxonomy":"product_cat","embeddable":true,"href":"https:\/\/www.tc26-bijoux.com\/index.php?rest_route=%2Fwp%2Fv2%2Fproduct_cat&post=55501"},{"taxonomy":"product_tag","embeddable":true,"href":"https:\/\/www.tc26-bijoux.com\/index.php?rest_route=%2Fwp%2Fv2%2Fproduct_tag&post=55501"}],"curies":[{"name":"wp","href":"https:\/\/api.w.org\/{rel}","templated":true}]}}