{"id":55526,"date":"2025-03-12T12:08:07","date_gmt":"2025-03-12T11:08:07","guid":{"rendered":"https:\/\/www.tc26-bijoux.com\/?post_type=product&#038;p=55526"},"modified":"2025-03-21T14:10:45","modified_gmt":"2025-03-21T13:10:45","slug":"creole-or-18-carats-et-diamants-chiara","status":"publish","type":"product","link":"https:\/\/www.tc26-bijoux.com\/?product=creole-or-18-carats-et-diamants-chiara","title":{"rendered":"Cr\u00e9ole Or 18 Carats et Diamants Chiara"},"content":{"rendered":"<p>Les cr\u00e9oles Chiara en or 18 carats et diamants. Avec un choix de poids total de pierres de 0,50 \u00e0 1,90 carats et un diam\u00e8tre allant de 18 \u00e0 54 mm, ces cr\u00e9oles offrent une \u00e9l\u00e9gance intemporelle. Disponibles en blanc, jaune et rose, elles ajoutent une touche de luxe et de glamour \u00e0 votre style. Faites briller vos oreilles avec les cr\u00e9oles Chiara.<\/p>\n","protected":false},"excerpt":{"rendered":"<p>Mati\u00e8re : Or 18 carat\u00a0<\/p>\n<p>Couleur m\u00e9tal : Blanc \/ Jaune \/Rose<\/p>\n<p>Nature des Pierres : Diamants\u00a0<\/p>\n<p>Poid\u00a0total des Pierres\u00a0\u00a0: 0.50 \/ 0.70 \/ 0.90 \/ 1.10 \/ 1.35 \/ 1.55 \/ 1.75 \/ 1.90\u00a0\u00a0Carats<\/p>\n<p>Couleur des Diamants : G\u00a0<\/p>\n<p>Puret\u00e9 des Diamants : VS\u00a0<\/p>\n<p>Diam\u00e8tre : 18\/ 24\/ 29 \/34\/ 39\/ 43\/ 49\/ 54 mm\u00a0<\/p>\n<p>R\u00e9f\u00e9rence : BJE0197 \/BJE0199 \/BJE0201 \/BJE0203 \/BJE0205 \/BJE0207 \/BJE0208 \/BJE0209<\/p>\n","protected":false},"featured_media":4827,"template":"","meta":{"_seopress_robots_primary_cat":"","_seopress_titles_title":"","_seopress_titles_desc":"","_seopress_robots_index":"","_seopress_analysis_target_kw":"","iawp_total_views":2},"product_brand":[],"product_cat":[84],"product_tag":[],"class_list":{"0":"post-55526","1":"product","2":"type-product","3":"status-publish","4":"has-post-thumbnail","6":"product_cat-creoles-diamants","8":"first","9":"instock","10":"shipping-taxable","11":"purchasable","12":"product-type-variable"},"_links":{"self":[{"href":"https:\/\/www.tc26-bijoux.com\/index.php?rest_route=\/wp\/v2\/product\/55526","targetHints":{"allow":["GET"]}}],"collection":[{"href":"https:\/\/www.tc26-bijoux.com\/index.php?rest_route=\/wp\/v2\/product"}],"about":[{"href":"https:\/\/www.tc26-bijoux.com\/index.php?rest_route=\/wp\/v2\/types\/product"}],"wp:featuredmedia":[{"embeddable":true,"href":"https:\/\/www.tc26-bijoux.com\/index.php?rest_route=\/wp\/v2\/media\/4827"}],"wp:attachment":[{"href":"https:\/\/www.tc26-bijoux.com\/index.php?rest_route=%2Fwp%2Fv2%2Fmedia&parent=55526"}],"wp:term":[{"taxonomy":"product_brand","embeddable":true,"href":"https:\/\/www.tc26-bijoux.com\/index.php?rest_route=%2Fwp%2Fv2%2Fproduct_brand&post=55526"},{"taxonomy":"product_cat","embeddable":true,"href":"https:\/\/www.tc26-bijoux.com\/index.php?rest_route=%2Fwp%2Fv2%2Fproduct_cat&post=55526"},{"taxonomy":"product_tag","embeddable":true,"href":"https:\/\/www.tc26-bijoux.com\/index.php?rest_route=%2Fwp%2Fv2%2Fproduct_tag&post=55526"}],"curies":[{"name":"wp","href":"https:\/\/api.w.org\/{rel}","templated":true}]}}