{"id":55571,"date":"2025-03-12T12:08:19","date_gmt":"2025-03-12T11:08:19","guid":{"rendered":"https:\/\/www.tc26-bijoux.com\/?post_type=product&#038;p=55571"},"modified":"2025-03-21T14:10:48","modified_gmt":"2025-03-21T13:10:48","slug":"creole-or-18-carats-et-diamants-elisha","status":"publish","type":"product","link":"https:\/\/www.tc26-bijoux.com\/?product=creole-or-18-carats-et-diamants-elisha","title":{"rendered":"Cr\u00e9ole Or 18 Carats et Diamants Elisha"},"content":{"rendered":"<p>Les cr\u00e9oles Elisha en or 18 carats et diamants sont des bijoux \u00e9l\u00e9gants et scintillants. Les diamants d&rsquo;un caratage total de 0.40 carats ajoutent une touche de brillance subtile \u00e0 ces cr\u00e9oles. Les diamants ont une puret\u00e9 GVS, ce qui signifie qu&rsquo;ils sont de haute qualit\u00e9 et pratiquement exempts d&rsquo;inclusions visibles \u00e0 l&rsquo;\u0153il nu. Les cr\u00e9oles Elisha sont un choix parfait pour ceux qui pr\u00e9f\u00e8rent des bijoux discrets mais sophistiqu\u00e9s. Leur design intemporel les rend polyvalentes et appropri\u00e9es pour toutes les occasions, qu&rsquo;elles soient formelles ou d\u00e9contract\u00e9es.<\/p>\n","protected":false},"excerpt":{"rendered":"<p>Mati\u00e8re : Or\u00a018 carat\u00a0<\/p>\n<p>Couleur m\u00e9tal : Blanc\u00a0<\/p>\n<p>Nature des Pierres : Diamants\u00a0<\/p>\n<p>Caratage\u00a0 total des Pierres\u00a0\u00a0:\u00a00.40\u00a0Carats<\/p>\n<p>Puret\u00e9 \u00a0Diamants : GVS\u00a0<\/p>\n<p>Diam\u00e8tre: 17\u00a0mm\u00a0<\/p>\n<p>R\u00e9f\u00e9rence : XYE0095<\/p>\n","protected":false},"featured_media":625,"template":"","meta":{"_seopress_robots_primary_cat":"","_seopress_titles_title":"","_seopress_titles_desc":"","_seopress_robots_index":"","_seopress_analysis_target_kw":"","iawp_total_views":4},"product_brand":[],"product_cat":[84],"product_tag":[],"class_list":{"0":"post-55571","1":"product","2":"type-product","3":"status-publish","4":"has-post-thumbnail","6":"product_cat-creoles-diamants","8":"first","9":"instock","10":"shipping-taxable","11":"purchasable","12":"product-type-variable"},"_links":{"self":[{"href":"https:\/\/www.tc26-bijoux.com\/index.php?rest_route=\/wp\/v2\/product\/55571","targetHints":{"allow":["GET"]}}],"collection":[{"href":"https:\/\/www.tc26-bijoux.com\/index.php?rest_route=\/wp\/v2\/product"}],"about":[{"href":"https:\/\/www.tc26-bijoux.com\/index.php?rest_route=\/wp\/v2\/types\/product"}],"wp:featuredmedia":[{"embeddable":true,"href":"https:\/\/www.tc26-bijoux.com\/index.php?rest_route=\/wp\/v2\/media\/625"}],"wp:attachment":[{"href":"https:\/\/www.tc26-bijoux.com\/index.php?rest_route=%2Fwp%2Fv2%2Fmedia&parent=55571"}],"wp:term":[{"taxonomy":"product_brand","embeddable":true,"href":"https:\/\/www.tc26-bijoux.com\/index.php?rest_route=%2Fwp%2Fv2%2Fproduct_brand&post=55571"},{"taxonomy":"product_cat","embeddable":true,"href":"https:\/\/www.tc26-bijoux.com\/index.php?rest_route=%2Fwp%2Fv2%2Fproduct_cat&post=55571"},{"taxonomy":"product_tag","embeddable":true,"href":"https:\/\/www.tc26-bijoux.com\/index.php?rest_route=%2Fwp%2Fv2%2Fproduct_tag&post=55571"}],"curies":[{"name":"wp","href":"https:\/\/api.w.org\/{rel}","templated":true}]}}