{"id":55619,"date":"2025-03-12T12:08:35","date_gmt":"2025-03-12T11:08:35","guid":{"rendered":"https:\/\/www.tc26-bijoux.com\/?post_type=product&#038;p=55619"},"modified":"2025-03-21T14:10:50","modified_gmt":"2025-03-21T13:10:50","slug":"creole-or-diamants-camellia","status":"publish","type":"product","link":"https:\/\/www.tc26-bijoux.com\/?product=creole-or-diamants-camellia","title":{"rendered":"Cr\u00e9ole or Diamants Camellia"},"content":{"rendered":"<p>Les Cr\u00e9oles en Or Camellia, un symbole \u00e9clatant d&rsquo;\u00e9l\u00e9gance et de raffinement. Confectionn\u00e9es dans l&rsquo;or 18 carats, ces cr\u00e9oles de 2.52 grammes r\u00e9v\u00e8lent une alliance parfaite entre la l\u00e9g\u00e8ret\u00e9 du m\u00e9tal pr\u00e9cieux et la brillance des diamants GVS minutieusement s\u00e9lectionn\u00e9s. Avec un caratage total de 0.14 carats, les diamants ornent d\u00e9licatement les courbes des cr\u00e9oles, cr\u00e9ant un jeu subtil de lumi\u00e8re et de scintillement. La Camellia incarne la quintessence du luxe discret, soulignant la f\u00e9minit\u00e9 avec une touche subtile de brillance. Ces cr\u00e9oles sont bien plus qu&rsquo;un bijou, ce sont des \u0153uvres d&rsquo;art intemporelles, con\u00e7ues pour c\u00e9l\u00e9brer la beaut\u00e9 incomparable de chaque femme qui les porte.<\/p>\n","protected":false},"excerpt":{"rendered":"<p>Mati\u00e8re\u00a0: Or 18 carat\u00a0 2.52\u00a0gr<\/p>\n<p>Nature des Pierres\u00a0: Diamants Gvs<\/p>\n<p>Caratage\u00a0 total des Pierres\u00a0\u00a0: 0.14\u00a0Carats<\/p>\n","protected":false},"featured_media":14795,"template":"","meta":{"_seopress_robots_primary_cat":"","_seopress_titles_title":"","_seopress_titles_desc":"","_seopress_robots_index":"","_seopress_analysis_target_kw":"","iawp_total_views":1},"product_brand":[],"product_cat":[84],"product_tag":[],"class_list":{"0":"post-55619","1":"product","2":"type-product","3":"status-publish","4":"has-post-thumbnail","6":"product_cat-creoles-diamants","8":"first","9":"instock","10":"shipping-taxable","11":"purchasable","12":"product-type-variable"},"_links":{"self":[{"href":"https:\/\/www.tc26-bijoux.com\/index.php?rest_route=\/wp\/v2\/product\/55619","targetHints":{"allow":["GET"]}}],"collection":[{"href":"https:\/\/www.tc26-bijoux.com\/index.php?rest_route=\/wp\/v2\/product"}],"about":[{"href":"https:\/\/www.tc26-bijoux.com\/index.php?rest_route=\/wp\/v2\/types\/product"}],"wp:featuredmedia":[{"embeddable":true,"href":"https:\/\/www.tc26-bijoux.com\/index.php?rest_route=\/wp\/v2\/media\/14795"}],"wp:attachment":[{"href":"https:\/\/www.tc26-bijoux.com\/index.php?rest_route=%2Fwp%2Fv2%2Fmedia&parent=55619"}],"wp:term":[{"taxonomy":"product_brand","embeddable":true,"href":"https:\/\/www.tc26-bijoux.com\/index.php?rest_route=%2Fwp%2Fv2%2Fproduct_brand&post=55619"},{"taxonomy":"product_cat","embeddable":true,"href":"https:\/\/www.tc26-bijoux.com\/index.php?rest_route=%2Fwp%2Fv2%2Fproduct_cat&post=55619"},{"taxonomy":"product_tag","embeddable":true,"href":"https:\/\/www.tc26-bijoux.com\/index.php?rest_route=%2Fwp%2Fv2%2Fproduct_tag&post=55619"}],"curies":[{"name":"wp","href":"https:\/\/api.w.org\/{rel}","templated":true}]}}