{"id":55659,"date":"2025-03-12T12:08:46","date_gmt":"2025-03-12T11:08:46","guid":{"rendered":"https:\/\/www.tc26-bijoux.com\/?post_type=product&#038;p=55659"},"modified":"2025-03-21T14:10:53","modified_gmt":"2025-03-21T13:10:53","slug":"creole-or-18-carats-et-diamants-giula","status":"publish","type":"product","link":"https:\/\/www.tc26-bijoux.com\/?product=creole-or-18-carats-et-diamants-giula","title":{"rendered":"Cr\u00e9ole Or 18 Carats et Diamants Giula"},"content":{"rendered":"<p>Les cr\u00e9oles Giula en or 18 carats et diamants sont des bijoux d\u00e9licats et \u00e9tincelants. Les diamants d&rsquo;un caratage total de 0.26 carats ajoutent une subtile touche de brillance \u00e0 ces cr\u00e9oles. Les diamants ont une puret\u00e9 GVS, ce qui signifie qu&rsquo;ils sont de haute qualit\u00e9 et pratiquement exempts d&rsquo;inclusions visibles \u00e0 l&rsquo;\u0153il nu. Les cr\u00e9oles Giula sont id\u00e9ales pour ajouter une touche de glamour \u00e0 votre tenue quotidienne ou pour compl\u00e9ter une tenue plus habill\u00e9e lors d&rsquo;occasions sp\u00e9ciales. Leur design classique et intemporel en fait un choix polyvalent et \u00e9l\u00e9gant.<\/p>\n","protected":false},"excerpt":{"rendered":"<p>Mati\u00e8re : Or 18 carats<\/p>\n<p>Couleur m\u00e9tal : Blanc\u00a0<\/p>\n<p>Nature des Pierres : Diamants\u00a0<\/p>\n<p>Caratage\u00a0 total des Pierres\u00a0\u00a0: 0.26\u00a0 Carats<\/p>\n<p>Puret\u00e9 \u00a0Diamants : GVS\u00a0<\/p>\n<p>R\u00e9f\u00e9rence :CRKT01H<\/p>\n","protected":false},"featured_media":14042,"template":"","meta":{"_seopress_robots_primary_cat":"","_seopress_titles_title":"","_seopress_titles_desc":"","_seopress_robots_index":"","_seopress_analysis_target_kw":"","iawp_total_views":1},"product_brand":[],"product_cat":[84],"product_tag":[],"class_list":{"0":"post-55659","1":"product","2":"type-product","3":"status-publish","4":"has-post-thumbnail","6":"product_cat-creoles-diamants","8":"first","9":"instock","10":"shipping-taxable","11":"purchasable","12":"product-type-variable"},"_links":{"self":[{"href":"https:\/\/www.tc26-bijoux.com\/index.php?rest_route=\/wp\/v2\/product\/55659","targetHints":{"allow":["GET"]}}],"collection":[{"href":"https:\/\/www.tc26-bijoux.com\/index.php?rest_route=\/wp\/v2\/product"}],"about":[{"href":"https:\/\/www.tc26-bijoux.com\/index.php?rest_route=\/wp\/v2\/types\/product"}],"wp:featuredmedia":[{"embeddable":true,"href":"https:\/\/www.tc26-bijoux.com\/index.php?rest_route=\/wp\/v2\/media\/14042"}],"wp:attachment":[{"href":"https:\/\/www.tc26-bijoux.com\/index.php?rest_route=%2Fwp%2Fv2%2Fmedia&parent=55659"}],"wp:term":[{"taxonomy":"product_brand","embeddable":true,"href":"https:\/\/www.tc26-bijoux.com\/index.php?rest_route=%2Fwp%2Fv2%2Fproduct_brand&post=55659"},{"taxonomy":"product_cat","embeddable":true,"href":"https:\/\/www.tc26-bijoux.com\/index.php?rest_route=%2Fwp%2Fv2%2Fproduct_cat&post=55659"},{"taxonomy":"product_tag","embeddable":true,"href":"https:\/\/www.tc26-bijoux.com\/index.php?rest_route=%2Fwp%2Fv2%2Fproduct_tag&post=55659"}],"curies":[{"name":"wp","href":"https:\/\/api.w.org\/{rel}","templated":true}]}}