{"id":55680,"date":"2025-03-12T12:08:50","date_gmt":"2025-03-12T11:08:50","guid":{"rendered":"https:\/\/www.tc26-bijoux.com\/?post_type=product&#038;p=55680"},"modified":"2025-03-21T14:10:53","modified_gmt":"2025-03-21T13:10:53","slug":"creole-or-18-carats-et-diamants-shani","status":"publish","type":"product","link":"https:\/\/www.tc26-bijoux.com\/?product=creole-or-18-carats-et-diamants-shani","title":{"rendered":"Cr\u00e9ole Or 18 Carats et Diamants Shani"},"content":{"rendered":"<p>Les cr\u00e9oles Shani en or 18 carats et diamants sont disponibles en deux options de couleur : blanc et jaune. Les diamants ont un caratage total de 1.00 carats et affichent une belle couleur G ainsi qu&rsquo;une puret\u00e9 VS, assurant leur brillance et leur clart\u00e9. Avec un diam\u00e8tre de 19 mm, ces cr\u00e9oles sont de taille moyenne et offrent un \u00e9quilibre parfait entre \u00e9l\u00e9gance et confort. Portez ces cr\u00e9oles Shani pour ajouter une touche de sophistication et de glamour \u00e0 votre look quotidien ou \u00e0 une occasion sp\u00e9ciale.<\/p>\n","protected":false},"excerpt":{"rendered":"<p>Mati\u00e8re : Or\u00a018 carat\u00a0<\/p>\n<p>Couleur m\u00e9tal : Blanc \/ Jaune\u00a0<\/p>\n<p>Nature des Pierres : Diamants\u00a0<\/p>\n<p>Caratage\u00a0 total des Pierres\u00a0\u00a0: 1.00 \u00a0Carats<\/p>\n<p>Couleur des Diamants : G\u00a0<\/p>\n<p>Puret\u00e9 des\u00a0 Diamants : VS\u00a0<\/p>\n<p>Dimensions : 19\u00a0mm (diam\u00e8tre)<\/p>\n<p>R\u00e9f\u00e9rence : XYE2950<\/p>\n","protected":false},"featured_media":8334,"template":"","meta":{"_seopress_robots_primary_cat":"","_seopress_titles_title":"","_seopress_titles_desc":"","_seopress_robots_index":"","_seopress_analysis_target_kw":"","iawp_total_views":5},"product_brand":[],"product_cat":[84],"product_tag":[],"class_list":{"0":"post-55680","1":"product","2":"type-product","3":"status-publish","4":"has-post-thumbnail","6":"product_cat-creoles-diamants","8":"first","9":"instock","10":"shipping-taxable","11":"purchasable","12":"product-type-variable"},"_links":{"self":[{"href":"https:\/\/www.tc26-bijoux.com\/index.php?rest_route=\/wp\/v2\/product\/55680","targetHints":{"allow":["GET"]}}],"collection":[{"href":"https:\/\/www.tc26-bijoux.com\/index.php?rest_route=\/wp\/v2\/product"}],"about":[{"href":"https:\/\/www.tc26-bijoux.com\/index.php?rest_route=\/wp\/v2\/types\/product"}],"wp:featuredmedia":[{"embeddable":true,"href":"https:\/\/www.tc26-bijoux.com\/index.php?rest_route=\/wp\/v2\/media\/8334"}],"wp:attachment":[{"href":"https:\/\/www.tc26-bijoux.com\/index.php?rest_route=%2Fwp%2Fv2%2Fmedia&parent=55680"}],"wp:term":[{"taxonomy":"product_brand","embeddable":true,"href":"https:\/\/www.tc26-bijoux.com\/index.php?rest_route=%2Fwp%2Fv2%2Fproduct_brand&post=55680"},{"taxonomy":"product_cat","embeddable":true,"href":"https:\/\/www.tc26-bijoux.com\/index.php?rest_route=%2Fwp%2Fv2%2Fproduct_cat&post=55680"},{"taxonomy":"product_tag","embeddable":true,"href":"https:\/\/www.tc26-bijoux.com\/index.php?rest_route=%2Fwp%2Fv2%2Fproduct_tag&post=55680"}],"curies":[{"name":"wp","href":"https:\/\/api.w.org\/{rel}","templated":true}]}}