{"id":55696,"date":"2025-03-12T12:08:58","date_gmt":"2025-03-12T11:08:58","guid":{"rendered":"https:\/\/www.tc26-bijoux.com\/?post_type=product&#038;p=55696"},"modified":"2025-03-21T14:10:56","modified_gmt":"2025-03-21T13:10:56","slug":"creole-or-18-carats-et-diamants-sherley","status":"publish","type":"product","link":"https:\/\/www.tc26-bijoux.com\/?product=creole-or-18-carats-et-diamants-sherley","title":{"rendered":"Cr\u00e9ole Or 18 Carats et Diamants Sherley"},"content":{"rendered":"<p>Les cr\u00e9oles Sherley en or 18 carats sont orn\u00e9es de diamants d&rsquo;un caratage total de 0.70 carats. Les diamants, de couleur G et de puret\u00e9 VS, offrent une belle brillance et une clart\u00e9 exceptionnelle. Les cr\u00e9oles ont un diam\u00e8tre de 13.4 mm, ce qui en fait un choix \u00e9l\u00e9gant et polyvalent pour compl\u00e9ter votre look. Que ce soit pour une occasion sp\u00e9ciale ou pour une tenue de tous les jours, les cr\u00e9oles Sherley apporteront une touche de sophistication et de glamour \u00e0 votre style.<\/p>\n","protected":false},"excerpt":{"rendered":"<p>Mati\u00e8re : Or 18 carat\u00a0<\/p>\n<p>Couleur m\u00e9tal : Blanc\u00a0<\/p>\n<p>Nature des Pierres : Diamants\u00a0<\/p>\n<p>Caratage\u00a0 total des Pierres\u00a0\u00a0: 0.70\u00a0Carats<\/p>\n<p>Couleur des Diamants : G\u00a0<\/p>\n<p>Puret\u00e9 des\u00a0 Diamants : VS\u00a0<\/p>\n<p>Dimensions : 13.4\u00a0mm (diametre)<\/p>\n<p>R\u00e9f\u00e9rence : XYE2615R<\/p>\n","protected":false},"featured_media":8258,"template":"","meta":{"_seopress_robots_primary_cat":"","_seopress_titles_title":"","_seopress_titles_desc":"","_seopress_robots_index":"","_seopress_analysis_target_kw":"","iawp_total_views":6},"product_brand":[],"product_cat":[84],"product_tag":[],"class_list":{"0":"post-55696","1":"product","2":"type-product","3":"status-publish","4":"has-post-thumbnail","6":"product_cat-creoles-diamants","8":"first","9":"instock","10":"shipping-taxable","11":"purchasable","12":"product-type-variable"},"_links":{"self":[{"href":"https:\/\/www.tc26-bijoux.com\/index.php?rest_route=\/wp\/v2\/product\/55696","targetHints":{"allow":["GET"]}}],"collection":[{"href":"https:\/\/www.tc26-bijoux.com\/index.php?rest_route=\/wp\/v2\/product"}],"about":[{"href":"https:\/\/www.tc26-bijoux.com\/index.php?rest_route=\/wp\/v2\/types\/product"}],"wp:featuredmedia":[{"embeddable":true,"href":"https:\/\/www.tc26-bijoux.com\/index.php?rest_route=\/wp\/v2\/media\/8258"}],"wp:attachment":[{"href":"https:\/\/www.tc26-bijoux.com\/index.php?rest_route=%2Fwp%2Fv2%2Fmedia&parent=55696"}],"wp:term":[{"taxonomy":"product_brand","embeddable":true,"href":"https:\/\/www.tc26-bijoux.com\/index.php?rest_route=%2Fwp%2Fv2%2Fproduct_brand&post=55696"},{"taxonomy":"product_cat","embeddable":true,"href":"https:\/\/www.tc26-bijoux.com\/index.php?rest_route=%2Fwp%2Fv2%2Fproduct_cat&post=55696"},{"taxonomy":"product_tag","embeddable":true,"href":"https:\/\/www.tc26-bijoux.com\/index.php?rest_route=%2Fwp%2Fv2%2Fproduct_tag&post=55696"}],"curies":[{"name":"wp","href":"https:\/\/api.w.org\/{rel}","templated":true}]}}