{"id":55717,"date":"2025-03-12T12:09:02","date_gmt":"2025-03-12T11:09:02","guid":{"rendered":"https:\/\/www.tc26-bijoux.com\/?post_type=product&#038;p=55717"},"modified":"2025-03-21T14:10:56","modified_gmt":"2025-03-21T13:10:56","slug":"creole-diamants-et-or-18-carats-sofia","status":"publish","type":"product","link":"https:\/\/www.tc26-bijoux.com\/?product=creole-diamants-et-or-18-carats-sofia","title":{"rendered":"Cr\u00e9ole Diamants et Or 18 Carats Sofia"},"content":{"rendered":"<p>Les cr\u00e9oles Sofia en or 18 carats et diamants sont de v\u00e9ritables joyaux qui allient sophistication et \u00e9clat. Les diamants ont un caratage total de 0.52 carats, ce qui leur conf\u00e8re une brillance \u00e9tincelante. Avec une puret\u00e9 GVS, ces diamants sont de haute qualit\u00e9, avec tr\u00e8s peu d&rsquo;inclusions visibles \u00e0 l&rsquo;\u0153il nu. Les cr\u00e9oles Sofia sont con\u00e7ues avec pr\u00e9cision et sont le compl\u00e9ment parfait pour toutes les occasions, qu&rsquo;elles soient formelles ou d\u00e9contract\u00e9es. Elles apportent une touche de glamour et d&rsquo;\u00e9l\u00e9gance \u00e0 votre look. Fabriqu\u00e9es avec de l&rsquo;or 18 carats et des diamants \u00e9tincelants, ces cr\u00e9oles sont \u00e0 la fois intemporelles et modernes.<\/p>\n","protected":false},"excerpt":{"rendered":"<p>Mati\u00e8re : Or 18 carats<\/p>\n<p>Couleur m\u00e9tal : Jaune\u00a0<\/p>\n<p>Nature des Pierres : Diamants\u00a0<\/p>\n<p>Caratage\u00a0 total des Pierres\u00a0\u00a0: 0.52\u00a0 \u00a0Carats<\/p>\n<p>Puret\u00e9 \u00a0Diamants : GVS\u00a0<\/p>\n<p>R\u00e9f\u00e9rence :CRKT02H<\/p>\n","protected":false},"featured_media":14075,"template":"","meta":{"_seopress_robots_primary_cat":"","_seopress_titles_title":"","_seopress_titles_desc":"","_seopress_robots_index":"","_seopress_analysis_target_kw":"","iawp_total_views":2},"product_brand":[],"product_cat":[84],"product_tag":[],"class_list":{"0":"post-55717","1":"product","2":"type-product","3":"status-publish","4":"has-post-thumbnail","6":"product_cat-creoles-diamants","8":"first","9":"instock","10":"shipping-taxable","11":"purchasable","12":"product-type-variable"},"_links":{"self":[{"href":"https:\/\/www.tc26-bijoux.com\/index.php?rest_route=\/wp\/v2\/product\/55717","targetHints":{"allow":["GET"]}}],"collection":[{"href":"https:\/\/www.tc26-bijoux.com\/index.php?rest_route=\/wp\/v2\/product"}],"about":[{"href":"https:\/\/www.tc26-bijoux.com\/index.php?rest_route=\/wp\/v2\/types\/product"}],"wp:featuredmedia":[{"embeddable":true,"href":"https:\/\/www.tc26-bijoux.com\/index.php?rest_route=\/wp\/v2\/media\/14075"}],"wp:attachment":[{"href":"https:\/\/www.tc26-bijoux.com\/index.php?rest_route=%2Fwp%2Fv2%2Fmedia&parent=55717"}],"wp:term":[{"taxonomy":"product_brand","embeddable":true,"href":"https:\/\/www.tc26-bijoux.com\/index.php?rest_route=%2Fwp%2Fv2%2Fproduct_brand&post=55717"},{"taxonomy":"product_cat","embeddable":true,"href":"https:\/\/www.tc26-bijoux.com\/index.php?rest_route=%2Fwp%2Fv2%2Fproduct_cat&post=55717"},{"taxonomy":"product_tag","embeddable":true,"href":"https:\/\/www.tc26-bijoux.com\/index.php?rest_route=%2Fwp%2Fv2%2Fproduct_tag&post=55717"}],"curies":[{"name":"wp","href":"https:\/\/api.w.org\/{rel}","templated":true}]}}