{"id":55732,"date":"2025-03-12T12:09:09","date_gmt":"2025-03-12T11:09:09","guid":{"rendered":"https:\/\/www.tc26-bijoux.com\/?post_type=product&#038;p=55732"},"modified":"2025-03-21T14:10:56","modified_gmt":"2025-03-21T13:10:56","slug":"creole-diamants-et-or-18-carats-ingrid","status":"publish","type":"product","link":"https:\/\/www.tc26-bijoux.com\/?product=creole-diamants-et-or-18-carats-ingrid","title":{"rendered":"Cr\u00e9ole Diamants et Or 18 Carats Ingrid"},"content":{"rendered":"<p>Les cr\u00e9oles Ingrid en or 18 carats vous s\u00e9duiront par leur \u00e9l\u00e9gance intemporelle. Serties de diamants d&rsquo;un caratage total de 1,50 carats, de couleur G et de puret\u00e9 VS, ces cr\u00e9oles brillent de mille feux. Avec leurs dimensions de 16,8&#215;17,5 mm, elles rehaussent subtilement votre apparence. Ajoutez une touche de luxe \u00e0 votre style avec les cr\u00e9oles Ingrid, un v\u00e9ritable symbole de sophistication et de raffinement.<\/p>\n","protected":false},"excerpt":{"rendered":"<p>Mati\u00e8re : Or 18 carat\u00a0<\/p>\n<p>Couleur m\u00e9tal : Blanc\u00a0<\/p>\n<p>Nature des Pierres : Diamants\u00a0<\/p>\n<p>Caratage\u00a0 total des Pierres\u00a0\u00a0: 1.50\u00a0Carats<\/p>\n<p>Couleur des Diamants : G\u00a0<\/p>\n<p>Puret\u00e9 des\u00a0 Diamants : VS\u00a0<\/p>\n<p>Dimensions : 16.8&#215;17.5 mm<\/p>\n<p>R\u00e9f\u00e9rence : XYE315<\/p>\n","protected":false},"featured_media":8309,"template":"","meta":{"_seopress_robots_primary_cat":"","_seopress_titles_title":"","_seopress_titles_desc":"","_seopress_robots_index":"","_seopress_analysis_target_kw":"","iawp_total_views":2},"product_brand":[],"product_cat":[84],"product_tag":[],"class_list":{"0":"post-55732","1":"product","2":"type-product","3":"status-publish","4":"has-post-thumbnail","6":"product_cat-creoles-diamants","8":"first","9":"instock","10":"shipping-taxable","11":"purchasable","12":"product-type-variable"},"_links":{"self":[{"href":"https:\/\/www.tc26-bijoux.com\/index.php?rest_route=\/wp\/v2\/product\/55732","targetHints":{"allow":["GET"]}}],"collection":[{"href":"https:\/\/www.tc26-bijoux.com\/index.php?rest_route=\/wp\/v2\/product"}],"about":[{"href":"https:\/\/www.tc26-bijoux.com\/index.php?rest_route=\/wp\/v2\/types\/product"}],"wp:featuredmedia":[{"embeddable":true,"href":"https:\/\/www.tc26-bijoux.com\/index.php?rest_route=\/wp\/v2\/media\/8309"}],"wp:attachment":[{"href":"https:\/\/www.tc26-bijoux.com\/index.php?rest_route=%2Fwp%2Fv2%2Fmedia&parent=55732"}],"wp:term":[{"taxonomy":"product_brand","embeddable":true,"href":"https:\/\/www.tc26-bijoux.com\/index.php?rest_route=%2Fwp%2Fv2%2Fproduct_brand&post=55732"},{"taxonomy":"product_cat","embeddable":true,"href":"https:\/\/www.tc26-bijoux.com\/index.php?rest_route=%2Fwp%2Fv2%2Fproduct_cat&post=55732"},{"taxonomy":"product_tag","embeddable":true,"href":"https:\/\/www.tc26-bijoux.com\/index.php?rest_route=%2Fwp%2Fv2%2Fproduct_tag&post=55732"}],"curies":[{"name":"wp","href":"https:\/\/api.w.org\/{rel}","templated":true}]}}