{"id":55757,"date":"2025-03-12T12:09:13","date_gmt":"2025-03-12T11:09:13","guid":{"rendered":"https:\/\/www.tc26-bijoux.com\/?post_type=product&#038;p=55757"},"modified":"2025-03-21T14:10:59","modified_gmt":"2025-03-21T13:10:59","slug":"creole-diamants-et-or-18-carats-silvana","status":"publish","type":"product","link":"https:\/\/www.tc26-bijoux.com\/?product=creole-diamants-et-or-18-carats-silvana","title":{"rendered":"Cr\u00e9ole Diamants et Or 18 Carats Silvana"},"content":{"rendered":"<p>Les cr\u00e9oles Silvana en or 18 carats sont incrust\u00e9es de diamants d&rsquo;un caratage total variant entre 1.40 et 2.65 carats. Les diamants, de couleur G et de puret\u00e9 VS, offrent une brillance \u00e9clatante et une clart\u00e9 exceptionnelle. Les cr\u00e9oles sont disponibles dans diff\u00e9rentes dimensions de diam\u00e8tre, allant de 19.5 \u00e0 22 mm, vous permettant de choisir celle qui convient le mieux \u00e0 votre style. Avec leur design \u00e9l\u00e9gant et leur \u00e9clat scintillant, les cr\u00e9oles Silvana ajoutent une touche de luxe et de sophistication \u00e0 votre look. Les r\u00e9f\u00e9rences XYE2676D, XYE2739, BJE0170 et BJE0171 vous permettent de trouver la variante de cr\u00e9oles qui correspond \u00e0 vos pr\u00e9f\u00e9rences.<\/p>\n","protected":false},"excerpt":{"rendered":"<p>Mati\u00e8re : Or 18 carat\u00a0<\/p>\n<p>Couleur m\u00e9tal : Blanc\u00a0<\/p>\n<p>Nature des Pierres : Diamants\u00a0<\/p>\n<p>Caratage\u00a0 total des Pierres\u00a0\u00a0: 1.40 \/ 1.50 \/ 1.85 \/ 2.65\u00a0Carats<\/p>\n<p>Couleur des Diamants : G\u00a0<\/p>\n<p>Puret\u00e9 des\u00a0 Diamants : VS\u00a0<\/p>\n<p>Dimensions : 19.5 \/ 21.3 \/ 20 \/ 22\u00a0mm (diametre)<\/p>\n<p>R\u00e9f\u00e9rence : XYE2676D\u00a0 XYE2739\u00a0 BJE0170\u00a0 BJE0171<\/p>\n","protected":false},"featured_media":8236,"template":"","meta":{"_seopress_robots_primary_cat":"","_seopress_titles_title":"","_seopress_titles_desc":"","_seopress_robots_index":"","_seopress_analysis_target_kw":"","iawp_total_views":5},"product_brand":[],"product_cat":[84],"product_tag":[],"class_list":{"0":"post-55757","1":"product","2":"type-product","3":"status-publish","4":"has-post-thumbnail","6":"product_cat-creoles-diamants","8":"first","9":"instock","10":"shipping-taxable","11":"purchasable","12":"product-type-variable"},"_links":{"self":[{"href":"https:\/\/www.tc26-bijoux.com\/index.php?rest_route=\/wp\/v2\/product\/55757","targetHints":{"allow":["GET"]}}],"collection":[{"href":"https:\/\/www.tc26-bijoux.com\/index.php?rest_route=\/wp\/v2\/product"}],"about":[{"href":"https:\/\/www.tc26-bijoux.com\/index.php?rest_route=\/wp\/v2\/types\/product"}],"wp:featuredmedia":[{"embeddable":true,"href":"https:\/\/www.tc26-bijoux.com\/index.php?rest_route=\/wp\/v2\/media\/8236"}],"wp:attachment":[{"href":"https:\/\/www.tc26-bijoux.com\/index.php?rest_route=%2Fwp%2Fv2%2Fmedia&parent=55757"}],"wp:term":[{"taxonomy":"product_brand","embeddable":true,"href":"https:\/\/www.tc26-bijoux.com\/index.php?rest_route=%2Fwp%2Fv2%2Fproduct_brand&post=55757"},{"taxonomy":"product_cat","embeddable":true,"href":"https:\/\/www.tc26-bijoux.com\/index.php?rest_route=%2Fwp%2Fv2%2Fproduct_cat&post=55757"},{"taxonomy":"product_tag","embeddable":true,"href":"https:\/\/www.tc26-bijoux.com\/index.php?rest_route=%2Fwp%2Fv2%2Fproduct_tag&post=55757"}],"curies":[{"name":"wp","href":"https:\/\/api.w.org\/{rel}","templated":true}]}}