{"id":55771,"date":"2025-03-12T12:09:21","date_gmt":"2025-03-12T11:09:21","guid":{"rendered":"https:\/\/www.tc26-bijoux.com\/?post_type=product&#038;p=55771"},"modified":"2025-03-21T14:10:59","modified_gmt":"2025-03-21T13:10:59","slug":"creole-or-18-carats-et-diamants-alix","status":"publish","type":"product","link":"https:\/\/www.tc26-bijoux.com\/?product=creole-or-18-carats-et-diamants-alix","title":{"rendered":"Cr\u00e9ole Or 18 Carats et Diamants Alix"},"content":{"rendered":"<p>Les cr\u00e9oles Alix en or 18 carats et diamants sont d&rsquo;une beaut\u00e9 classique et intemporelle. Les diamants, d&rsquo;un caratage total de 0.75 carats, ajoutent une touche d&rsquo;\u00e9clat et de brillance \u00e0 ces cr\u00e9oles. La puret\u00e9 des diamants est de qualit\u00e9 GVS, ce qui garantit leur clart\u00e9 et leur transparence. Les cr\u00e9oles Alix sont un choix \u00e9l\u00e9gant pour compl\u00e9ter votre tenue, que ce soit pour une occasion sp\u00e9ciale ou pour ajouter une touche de luxe \u00e0 votre style quotidien.<\/p>\n","protected":false},"excerpt":{"rendered":"<p>Mati\u00e8re : Or 18 carats<\/p>\n<p>Couleur m\u00e9tal : Blanc\u00a0<\/p>\n<p>Nature des Pierres : Diamants\u00a0<\/p>\n<p>Caratage\u00a0 total des Pierres\u00a0\u00a0: 0.75\u00a0 Carats<\/p>\n<p>Puret\u00e9 \u00a0Diamants : GVS\u00a0<\/p>\n<p>R\u00e9f\u00e9rence :CRKT03H<\/p>\n","protected":false},"featured_media":14073,"template":"","meta":{"_seopress_robots_primary_cat":"","_seopress_titles_title":"","_seopress_titles_desc":"","_seopress_robots_index":"","_seopress_analysis_target_kw":"","iawp_total_views":0},"product_brand":[],"product_cat":[84],"product_tag":[],"class_list":{"0":"post-55771","1":"product","2":"type-product","3":"status-publish","4":"has-post-thumbnail","6":"product_cat-creoles-diamants","8":"first","9":"instock","10":"shipping-taxable","11":"purchasable","12":"product-type-variable"},"_links":{"self":[{"href":"https:\/\/www.tc26-bijoux.com\/index.php?rest_route=\/wp\/v2\/product\/55771","targetHints":{"allow":["GET"]}}],"collection":[{"href":"https:\/\/www.tc26-bijoux.com\/index.php?rest_route=\/wp\/v2\/product"}],"about":[{"href":"https:\/\/www.tc26-bijoux.com\/index.php?rest_route=\/wp\/v2\/types\/product"}],"wp:featuredmedia":[{"embeddable":true,"href":"https:\/\/www.tc26-bijoux.com\/index.php?rest_route=\/wp\/v2\/media\/14073"}],"wp:attachment":[{"href":"https:\/\/www.tc26-bijoux.com\/index.php?rest_route=%2Fwp%2Fv2%2Fmedia&parent=55771"}],"wp:term":[{"taxonomy":"product_brand","embeddable":true,"href":"https:\/\/www.tc26-bijoux.com\/index.php?rest_route=%2Fwp%2Fv2%2Fproduct_brand&post=55771"},{"taxonomy":"product_cat","embeddable":true,"href":"https:\/\/www.tc26-bijoux.com\/index.php?rest_route=%2Fwp%2Fv2%2Fproduct_cat&post=55771"},{"taxonomy":"product_tag","embeddable":true,"href":"https:\/\/www.tc26-bijoux.com\/index.php?rest_route=%2Fwp%2Fv2%2Fproduct_tag&post=55771"}],"curies":[{"name":"wp","href":"https:\/\/api.w.org\/{rel}","templated":true}]}}