{"id":55791,"date":"2025-03-12T12:09:25","date_gmt":"2025-03-12T11:09:25","guid":{"rendered":"https:\/\/www.tc26-bijoux.com\/?post_type=product&#038;p=55791"},"modified":"2025-03-21T14:11:02","modified_gmt":"2025-03-21T13:11:02","slug":"creole-or-18-carats-et-diamants-eliane","status":"publish","type":"product","link":"https:\/\/www.tc26-bijoux.com\/?product=creole-or-18-carats-et-diamants-eliane","title":{"rendered":"Cr\u00e9ole Or 18 Carats et Diamants Eliane"},"content":{"rendered":"<p>D\u00e9couvrez les cr\u00e9oles Eliane en or 18 carats et diamants. Avec un caratage total de 1,65 carats et des diamants de couleur G et puret\u00e9 VS, ces cr\u00e9oles incarnent l&rsquo;\u00e9l\u00e9gance et la sophistication. Leur design blanc \u00e9clatant les rend parfaits pour ajouter une touche de glamour \u00e0 toutes vos tenues. Offrez-vous le luxe et la beaut\u00e9 avec les cr\u00e9oles Eliane.<\/p>\n","protected":false},"excerpt":{"rendered":"<p>Mati\u00e8re : Or\u00a018 carat\u00a0<\/p>\n<p>Couleur m\u00e9tal : Blanc\u00a0<\/p>\n<p>Nature des Pierres : Diamants\u00a0<\/p>\n<p>Caratage\u00a0 total des Pierres\u00a0\u00a0: 1.65\u00a0 Carats<\/p>\n<p>Couleur des Diamants : G\u00a0<\/p>\n<p>Puret\u00e9 des\u00a0 Diamants : VS\u00a0<\/p>\n<p>Dimensions : 18&#215;19\u00a0mm\u00a0<\/p>\n<p>R\u00e9f\u00e9rence : XYE8338<\/p>\n","protected":false},"featured_media":8335,"template":"","meta":{"_seopress_robots_primary_cat":"","_seopress_titles_title":"","_seopress_titles_desc":"","_seopress_robots_index":"","_seopress_analysis_target_kw":"","iawp_total_views":4},"product_brand":[],"product_cat":[84],"product_tag":[],"class_list":{"0":"post-55791","1":"product","2":"type-product","3":"status-publish","4":"has-post-thumbnail","6":"product_cat-creoles-diamants","8":"first","9":"instock","10":"shipping-taxable","11":"purchasable","12":"product-type-variable"},"_links":{"self":[{"href":"https:\/\/www.tc26-bijoux.com\/index.php?rest_route=\/wp\/v2\/product\/55791","targetHints":{"allow":["GET"]}}],"collection":[{"href":"https:\/\/www.tc26-bijoux.com\/index.php?rest_route=\/wp\/v2\/product"}],"about":[{"href":"https:\/\/www.tc26-bijoux.com\/index.php?rest_route=\/wp\/v2\/types\/product"}],"wp:featuredmedia":[{"embeddable":true,"href":"https:\/\/www.tc26-bijoux.com\/index.php?rest_route=\/wp\/v2\/media\/8335"}],"wp:attachment":[{"href":"https:\/\/www.tc26-bijoux.com\/index.php?rest_route=%2Fwp%2Fv2%2Fmedia&parent=55791"}],"wp:term":[{"taxonomy":"product_brand","embeddable":true,"href":"https:\/\/www.tc26-bijoux.com\/index.php?rest_route=%2Fwp%2Fv2%2Fproduct_brand&post=55791"},{"taxonomy":"product_cat","embeddable":true,"href":"https:\/\/www.tc26-bijoux.com\/index.php?rest_route=%2Fwp%2Fv2%2Fproduct_cat&post=55791"},{"taxonomy":"product_tag","embeddable":true,"href":"https:\/\/www.tc26-bijoux.com\/index.php?rest_route=%2Fwp%2Fv2%2Fproduct_tag&post=55791"}],"curies":[{"name":"wp","href":"https:\/\/api.w.org\/{rel}","templated":true}]}}