{"id":55880,"date":"2025-03-12T12:09:54","date_gmt":"2025-03-12T11:09:54","guid":{"rendered":"https:\/\/www.tc26-bijoux.com\/?post_type=product&#038;p=55880"},"modified":"2025-03-21T14:11:08","modified_gmt":"2025-03-21T13:11:08","slug":"bracelet-bb-or-jaune-rebecca","status":"publish","type":"product","link":"https:\/\/www.tc26-bijoux.com\/?product=bracelet-bb-or-jaune-rebecca","title":{"rendered":"Bracelet BB or jaune Rebecca"},"content":{"rendered":"<p>Le bracelet Rebecca est une pi\u00e8ce \u00e9l\u00e9gante en Or 18 Carats disponible en trois options de couleur : Jaune, Blanc et Rose. Avec son design intemporel, il offre une belle combinaison de sophistication et de simplicit\u00e9. Que vous pr\u00e9f\u00e9riez l&rsquo;\u00e9clat chaleureux du bracelet en or jaune, la luminosit\u00e9 \u00e9pur\u00e9e de l&rsquo;or blanc ou la douceur romantique de l&rsquo;or rose, vous trouverez s\u00fbrement la version qui correspond \u00e0 votre style et \u00e0 vos pr\u00e9f\u00e9rences. C&rsquo;est un choix polyvalent qui peut \u00eatre port\u00e9 seul pour un look d\u00e9licat ou associ\u00e9 \u00e0 d&rsquo;autres bracelets pour une allure plus audacieuse et moderne.<\/p>\n","protected":false},"excerpt":{"rendered":"<p>Mati\u00e8re : Or 18 Carats<\/p>\n<p>Couleur m\u00e9tal : Jaune \/ Blanc \/ Rose<\/p>\n<p>R\u00e9f\u00e9rence : 77012<\/p>\n","protected":false},"featured_media":12871,"template":"","meta":{"_seopress_robots_primary_cat":"","_seopress_titles_title":"","_seopress_titles_desc":"","_seopress_robots_index":"","_seopress_analysis_target_kw":"","iawp_total_views":3},"product_brand":[],"product_cat":[95],"product_tag":[],"class_list":{"0":"post-55880","1":"product","2":"type-product","3":"status-publish","4":"has-post-thumbnail","6":"product_cat-identite-bebe","8":"first","9":"instock","10":"shipping-taxable","11":"purchasable","12":"product-type-variable"},"_links":{"self":[{"href":"https:\/\/www.tc26-bijoux.com\/index.php?rest_route=\/wp\/v2\/product\/55880","targetHints":{"allow":["GET"]}}],"collection":[{"href":"https:\/\/www.tc26-bijoux.com\/index.php?rest_route=\/wp\/v2\/product"}],"about":[{"href":"https:\/\/www.tc26-bijoux.com\/index.php?rest_route=\/wp\/v2\/types\/product"}],"wp:featuredmedia":[{"embeddable":true,"href":"https:\/\/www.tc26-bijoux.com\/index.php?rest_route=\/wp\/v2\/media\/12871"}],"wp:attachment":[{"href":"https:\/\/www.tc26-bijoux.com\/index.php?rest_route=%2Fwp%2Fv2%2Fmedia&parent=55880"}],"wp:term":[{"taxonomy":"product_brand","embeddable":true,"href":"https:\/\/www.tc26-bijoux.com\/index.php?rest_route=%2Fwp%2Fv2%2Fproduct_brand&post=55880"},{"taxonomy":"product_cat","embeddable":true,"href":"https:\/\/www.tc26-bijoux.com\/index.php?rest_route=%2Fwp%2Fv2%2Fproduct_cat&post=55880"},{"taxonomy":"product_tag","embeddable":true,"href":"https:\/\/www.tc26-bijoux.com\/index.php?rest_route=%2Fwp%2Fv2%2Fproduct_tag&post=55880"}],"curies":[{"name":"wp","href":"https:\/\/api.w.org\/{rel}","templated":true}]}}