{"id":55885,"date":"2025-03-12T12:09:55","date_gmt":"2025-03-12T11:09:55","guid":{"rendered":"https:\/\/www.tc26-bijoux.com\/?post_type=product&#038;p=55885"},"modified":"2025-03-21T14:11:08","modified_gmt":"2025-03-21T13:11:08","slug":"bracelet-bb-or-jaune-ethel","status":"publish","type":"product","link":"https:\/\/www.tc26-bijoux.com\/?product=bracelet-bb-or-jaune-ethel","title":{"rendered":"Bracelet BB or jaune Ethel"},"content":{"rendered":"<p>Le bracelet \u00ab\u00a0Ethel\u00a0\u00bb est fait d&rsquo;or 18 carats et pr\u00e9sente une couleur or jaune, ajoutant une touche d&rsquo;\u00e9clat et de luxe \u00e0 son design. Ce bracelet est un choix \u00e9l\u00e9gant pour compl\u00e9ter votre tenue et ajouter une touche de sophistication \u00e0 votre style.<\/p>\n","protected":false},"excerpt":{"rendered":"<p>Mati\u00e8re : Or 18 Carats<\/p>\n<p>Couleur m\u00e9tal : Jaune<\/p>\n<p>R\u00e9f\u00e9rence : 77021<\/p>\n","protected":false},"featured_media":12872,"template":"","meta":{"_seopress_robots_primary_cat":"","_seopress_titles_title":"","_seopress_titles_desc":"","_seopress_robots_index":"","_seopress_analysis_target_kw":"","iawp_total_views":1},"product_brand":[],"product_cat":[95],"product_tag":[],"class_list":{"0":"post-55885","1":"product","2":"type-product","3":"status-publish","4":"has-post-thumbnail","6":"product_cat-identite-bebe","8":"first","9":"instock","10":"shipping-taxable","11":"purchasable","12":"product-type-variable"},"_links":{"self":[{"href":"https:\/\/www.tc26-bijoux.com\/index.php?rest_route=\/wp\/v2\/product\/55885","targetHints":{"allow":["GET"]}}],"collection":[{"href":"https:\/\/www.tc26-bijoux.com\/index.php?rest_route=\/wp\/v2\/product"}],"about":[{"href":"https:\/\/www.tc26-bijoux.com\/index.php?rest_route=\/wp\/v2\/types\/product"}],"wp:featuredmedia":[{"embeddable":true,"href":"https:\/\/www.tc26-bijoux.com\/index.php?rest_route=\/wp\/v2\/media\/12872"}],"wp:attachment":[{"href":"https:\/\/www.tc26-bijoux.com\/index.php?rest_route=%2Fwp%2Fv2%2Fmedia&parent=55885"}],"wp:term":[{"taxonomy":"product_brand","embeddable":true,"href":"https:\/\/www.tc26-bijoux.com\/index.php?rest_route=%2Fwp%2Fv2%2Fproduct_brand&post=55885"},{"taxonomy":"product_cat","embeddable":true,"href":"https:\/\/www.tc26-bijoux.com\/index.php?rest_route=%2Fwp%2Fv2%2Fproduct_cat&post=55885"},{"taxonomy":"product_tag","embeddable":true,"href":"https:\/\/www.tc26-bijoux.com\/index.php?rest_route=%2Fwp%2Fv2%2Fproduct_tag&post=55885"}],"curies":[{"name":"wp","href":"https:\/\/api.w.org\/{rel}","templated":true}]}}