{"id":55905,"date":"2025-03-12T12:10:04","date_gmt":"2025-03-12T11:10:04","guid":{"rendered":"https:\/\/www.tc26-bijoux.com\/?post_type=product&#038;p=55905"},"modified":"2025-03-21T14:11:08","modified_gmt":"2025-03-21T13:11:08","slug":"identite-bb-jaune-carla","status":"publish","type":"product","link":"https:\/\/www.tc26-bijoux.com\/?product=identite-bb-jaune-carla","title":{"rendered":"identit\u00e9 BB jaune Carla"},"content":{"rendered":"<p>Le bracelet \u00ab\u00a0Carla\u00a0\u00bb en or 18 carats est un bijou \u00e9l\u00e9gant et raffin\u00e9. Il est orn\u00e9 de magnifiques diamants jaunes qui apportent une touche de couleur vibrante et ensoleill\u00e9e. Les diamants sont de qualit\u00e9 exceptionnelle, avec une puret\u00e9 VS et une coupe brillante qui assurent un \u00e9clat \u00e9blouissant. Ce bracelet est un v\u00e9ritable symbole de luxe et de style, parfait pour ajouter une touche de glamour \u00e0 toutes vos tenues. Que ce soit pour une occasion sp\u00e9ciale ou simplement pour vous faire plaisir, le bracelet \u00ab\u00a0Carla\u00a0\u00bb est un choix incontournable.<\/p>\n","protected":false},"excerpt":{"rendered":"<p>Le bracelet \u00ab\u00a0Carla\u00a0\u00bb en or 18 carats est un bijou \u00e9l\u00e9gant et raffin\u00e9. Il est orn\u00e9 de magnifiques diamants jaunes qui apportent une touche de couleur<span class=\"excerpt-hellip\"> [\u2026]<\/span><\/p>\n","protected":false},"featured_media":12941,"template":"","meta":{"_seopress_robots_primary_cat":"","_seopress_titles_title":"","_seopress_titles_desc":"","_seopress_robots_index":"","_seopress_analysis_target_kw":"","iawp_total_views":7},"product_brand":[],"product_cat":[95],"product_tag":[],"class_list":{"0":"post-55905","1":"product","2":"type-product","3":"status-publish","4":"has-post-thumbnail","6":"product_cat-identite-bebe","8":"first","9":"instock","10":"shipping-taxable","11":"purchasable","12":"product-type-variable"},"_links":{"self":[{"href":"https:\/\/www.tc26-bijoux.com\/index.php?rest_route=\/wp\/v2\/product\/55905","targetHints":{"allow":["GET"]}}],"collection":[{"href":"https:\/\/www.tc26-bijoux.com\/index.php?rest_route=\/wp\/v2\/product"}],"about":[{"href":"https:\/\/www.tc26-bijoux.com\/index.php?rest_route=\/wp\/v2\/types\/product"}],"wp:featuredmedia":[{"embeddable":true,"href":"https:\/\/www.tc26-bijoux.com\/index.php?rest_route=\/wp\/v2\/media\/12941"}],"wp:attachment":[{"href":"https:\/\/www.tc26-bijoux.com\/index.php?rest_route=%2Fwp%2Fv2%2Fmedia&parent=55905"}],"wp:term":[{"taxonomy":"product_brand","embeddable":true,"href":"https:\/\/www.tc26-bijoux.com\/index.php?rest_route=%2Fwp%2Fv2%2Fproduct_brand&post=55905"},{"taxonomy":"product_cat","embeddable":true,"href":"https:\/\/www.tc26-bijoux.com\/index.php?rest_route=%2Fwp%2Fv2%2Fproduct_cat&post=55905"},{"taxonomy":"product_tag","embeddable":true,"href":"https:\/\/www.tc26-bijoux.com\/index.php?rest_route=%2Fwp%2Fv2%2Fproduct_tag&post=55905"}],"curies":[{"name":"wp","href":"https:\/\/api.w.org\/{rel}","templated":true}]}}