{"id":55910,"date":"2025-03-12T12:10:05","date_gmt":"2025-03-12T11:10:05","guid":{"rendered":"https:\/\/www.tc26-bijoux.com\/?post_type=product&#038;p=55910"},"modified":"2025-03-21T14:11:08","modified_gmt":"2025-03-21T13:11:08","slug":"identite-bb-or-jaune-stefanie","status":"publish","type":"product","link":"https:\/\/www.tc26-bijoux.com\/?product=identite-bb-or-jaune-stefanie","title":{"rendered":"Identit\u00e9 BB or jaune Stefanie"},"content":{"rendered":"<p>Le bracelet Stef est disponible en or 18 carats dans trois options de couleur : jaune, blanc et rose. C&rsquo;est un choix polyvalent qui permet de s&rsquo;adapter \u00e0 diff\u00e9rents styles et pr\u00e9f\u00e9rences. Quelle que soit la couleur choisie, ce bracelet en or 18 carats ajoutera une touche de sophistication et d&rsquo;\u00e9l\u00e9gance \u00e0 votre poignet.<\/p>\n","protected":false},"excerpt":{"rendered":"<p>Le bracelet Stef est disponible en or 18 carats dans trois options de couleur : jaune, blanc et rose. C&rsquo;est un choix polyvalent qui permet de<span class=\"excerpt-hellip\"> [\u2026]<\/span><\/p>\n","protected":false},"featured_media":12910,"template":"","meta":{"_seopress_robots_primary_cat":"","_seopress_titles_title":"","_seopress_titles_desc":"","_seopress_robots_index":"","_seopress_analysis_target_kw":"","iawp_total_views":5},"product_brand":[],"product_cat":[95],"product_tag":[],"class_list":{"0":"post-55910","1":"product","2":"type-product","3":"status-publish","4":"has-post-thumbnail","6":"product_cat-identite-bebe","8":"first","9":"instock","10":"shipping-taxable","11":"purchasable","12":"product-type-variable"},"_links":{"self":[{"href":"https:\/\/www.tc26-bijoux.com\/index.php?rest_route=\/wp\/v2\/product\/55910","targetHints":{"allow":["GET"]}}],"collection":[{"href":"https:\/\/www.tc26-bijoux.com\/index.php?rest_route=\/wp\/v2\/product"}],"about":[{"href":"https:\/\/www.tc26-bijoux.com\/index.php?rest_route=\/wp\/v2\/types\/product"}],"wp:featuredmedia":[{"embeddable":true,"href":"https:\/\/www.tc26-bijoux.com\/index.php?rest_route=\/wp\/v2\/media\/12910"}],"wp:attachment":[{"href":"https:\/\/www.tc26-bijoux.com\/index.php?rest_route=%2Fwp%2Fv2%2Fmedia&parent=55910"}],"wp:term":[{"taxonomy":"product_brand","embeddable":true,"href":"https:\/\/www.tc26-bijoux.com\/index.php?rest_route=%2Fwp%2Fv2%2Fproduct_brand&post=55910"},{"taxonomy":"product_cat","embeddable":true,"href":"https:\/\/www.tc26-bijoux.com\/index.php?rest_route=%2Fwp%2Fv2%2Fproduct_cat&post=55910"},{"taxonomy":"product_tag","embeddable":true,"href":"https:\/\/www.tc26-bijoux.com\/index.php?rest_route=%2Fwp%2Fv2%2Fproduct_tag&post=55910"}],"curies":[{"name":"wp","href":"https:\/\/api.w.org\/{rel}","templated":true}]}}