{"id":55915,"date":"2025-03-12T12:10:06","date_gmt":"2025-03-12T11:10:06","guid":{"rendered":"https:\/\/www.tc26-bijoux.com\/?post_type=product&#038;p=55915"},"modified":"2025-03-21T14:11:11","modified_gmt":"2025-03-21T13:11:11","slug":"identite-bb-or-jaune-nova","status":"publish","type":"product","link":"https:\/\/www.tc26-bijoux.com\/?product=identite-bb-or-jaune-nova","title":{"rendered":"identit\u00e9 BB or jaune Nova"},"content":{"rendered":"<p>Le bracelet Rova en or 18 carats est disponible en jaune, blanc et rose. Son design classique et polyvalent, associ\u00e9 \u00e0 des diamants subtilement incrust\u00e9s, ajoute une touche de sophistication et de luxe \u00e0 votre poignet. Un choix parfait pour toutes les occasions, ce bijou somptueux est un v\u00e9ritable chef-d&rsquo;\u0153uvre de qualit\u00e9 et d&rsquo;\u00e9l\u00e9gance.<\/p>\n","protected":false},"excerpt":{"rendered":"<p>Mati\u00e8re : Or 18 Carats<\/p>\n<p>Couleur m\u00e9tal : Jaune \/Blanc\/Rose<\/p>\n<p>R\u00e9f\u00e9rence : 5372B6<\/p>\n","protected":false},"featured_media":12869,"template":"","meta":{"_seopress_robots_primary_cat":"","_seopress_titles_title":"","_seopress_titles_desc":"","_seopress_robots_index":"","_seopress_analysis_target_kw":"","iawp_total_views":0},"product_brand":[],"product_cat":[95],"product_tag":[],"class_list":{"0":"post-55915","1":"product","2":"type-product","3":"status-publish","4":"has-post-thumbnail","6":"product_cat-identite-bebe","8":"first","9":"instock","10":"shipping-taxable","11":"purchasable","12":"product-type-variable"},"_links":{"self":[{"href":"https:\/\/www.tc26-bijoux.com\/index.php?rest_route=\/wp\/v2\/product\/55915","targetHints":{"allow":["GET"]}}],"collection":[{"href":"https:\/\/www.tc26-bijoux.com\/index.php?rest_route=\/wp\/v2\/product"}],"about":[{"href":"https:\/\/www.tc26-bijoux.com\/index.php?rest_route=\/wp\/v2\/types\/product"}],"wp:featuredmedia":[{"embeddable":true,"href":"https:\/\/www.tc26-bijoux.com\/index.php?rest_route=\/wp\/v2\/media\/12869"}],"wp:attachment":[{"href":"https:\/\/www.tc26-bijoux.com\/index.php?rest_route=%2Fwp%2Fv2%2Fmedia&parent=55915"}],"wp:term":[{"taxonomy":"product_brand","embeddable":true,"href":"https:\/\/www.tc26-bijoux.com\/index.php?rest_route=%2Fwp%2Fv2%2Fproduct_brand&post=55915"},{"taxonomy":"product_cat","embeddable":true,"href":"https:\/\/www.tc26-bijoux.com\/index.php?rest_route=%2Fwp%2Fv2%2Fproduct_cat&post=55915"},{"taxonomy":"product_tag","embeddable":true,"href":"https:\/\/www.tc26-bijoux.com\/index.php?rest_route=%2Fwp%2Fv2%2Fproduct_tag&post=55915"}],"curies":[{"name":"wp","href":"https:\/\/api.w.org\/{rel}","templated":true}]}}