{"id":55940,"date":"2025-03-12T12:10:17","date_gmt":"2025-03-12T11:10:17","guid":{"rendered":"https:\/\/www.tc26-bijoux.com\/?post_type=product&#038;p=55940"},"modified":"2025-03-21T14:11:11","modified_gmt":"2025-03-21T13:11:11","slug":"boucles-doreilles-diamants-et-or-18-carat-chana","status":"publish","type":"product","link":"https:\/\/www.tc26-bijoux.com\/?product=boucles-doreilles-diamants-et-or-18-carat-chana","title":{"rendered":"Boucles d&rsquo;oreilles Diamants et Or 18 carat Chana"},"content":{"rendered":"<p>Les boucles d&rsquo;oreilles \u00ab\u00a0Chana\u00a0\u00bb en or 18 carats sont un v\u00e9ritable bijou de sophistication. Elles sont serties de diamants d&rsquo;une puret\u00e9 remarquable, class\u00e9s GVS. Avec un choix de caratages allant de 0,50 \u00e0 2,00 carats, vous pouvez trouver la taille qui correspond \u00e0 vos pr\u00e9f\u00e9rences et \u00e0 votre style. Les dimensions des boucles d&rsquo;oreilles varient \u00e9galement, offrant une gamme d&rsquo;options pour s&rsquo;adapter \u00e0 votre go\u00fbt personnel. Que vous pr\u00e9f\u00e9riez des boucles d&rsquo;oreilles plus petites et discr\u00e8tes ou des mod\u00e8les plus audacieux et accrocheurs, les boucles d&rsquo;oreilles \u00ab\u00a0Chana\u00a0\u00bb sont con\u00e7ues pour captiver et \u00e9blouir. Fabriqu\u00e9es en or 18 carats, elles allient le luxe de l&rsquo;or \u00e0 l&rsquo;\u00e9clat intemporel des diamants, cr\u00e9ant ainsi un accessoire \u00e9l\u00e9gant et raffin\u00e9 pour toutes les occasions sp\u00e9ciales.<\/p>\n","protected":false},"excerpt":{"rendered":"<p>Mati\u00e8re : Or 18 carat\u00a0<\/p>\n<p>Couleur m\u00e9tal : Blanc\u00a0<\/p>\n<p>Nature des Pierres : Diamants\u00a0<\/p>\n<p>Caratage\u00a0 total des Pierres\u00a0\u00a0:\u00a00.50\u00a0 \/ 1.00 \/ 1.50 \/ 2.00 Carats<\/p>\n<p>Puret\u00e9 \u00a0Diamants : GVS\u00a0<\/p>\n<p>Dimensions :\u00a012.5&#215;18 \/ 14.5&#215;20.5 \/ 20&#215;30\/ 5.6&#215;39.2 mm\u00a0<\/p>\n<p>R\u00e9f\u00e9rence : XYE20016 \/ BJE0195 \/ BJE0037 \/ BJE0095<\/p>\n","protected":false},"featured_media":686,"template":"","meta":{"_seopress_robots_primary_cat":"","_seopress_titles_title":"","_seopress_titles_desc":"","_seopress_robots_index":"","_seopress_analysis_target_kw":"","iawp_total_views":3},"product_brand":[],"product_cat":[83],"product_tag":[],"class_list":{"0":"post-55940","1":"product","2":"type-product","3":"status-publish","4":"has-post-thumbnail","6":"product_cat-pendantes-diamants","8":"first","9":"instock","10":"shipping-taxable","11":"purchasable","12":"product-type-variable"},"_links":{"self":[{"href":"https:\/\/www.tc26-bijoux.com\/index.php?rest_route=\/wp\/v2\/product\/55940","targetHints":{"allow":["GET"]}}],"collection":[{"href":"https:\/\/www.tc26-bijoux.com\/index.php?rest_route=\/wp\/v2\/product"}],"about":[{"href":"https:\/\/www.tc26-bijoux.com\/index.php?rest_route=\/wp\/v2\/types\/product"}],"wp:featuredmedia":[{"embeddable":true,"href":"https:\/\/www.tc26-bijoux.com\/index.php?rest_route=\/wp\/v2\/media\/686"}],"wp:attachment":[{"href":"https:\/\/www.tc26-bijoux.com\/index.php?rest_route=%2Fwp%2Fv2%2Fmedia&parent=55940"}],"wp:term":[{"taxonomy":"product_brand","embeddable":true,"href":"https:\/\/www.tc26-bijoux.com\/index.php?rest_route=%2Fwp%2Fv2%2Fproduct_brand&post=55940"},{"taxonomy":"product_cat","embeddable":true,"href":"https:\/\/www.tc26-bijoux.com\/index.php?rest_route=%2Fwp%2Fv2%2Fproduct_cat&post=55940"},{"taxonomy":"product_tag","embeddable":true,"href":"https:\/\/www.tc26-bijoux.com\/index.php?rest_route=%2Fwp%2Fv2%2Fproduct_tag&post=55940"}],"curies":[{"name":"wp","href":"https:\/\/api.w.org\/{rel}","templated":true}]}}