{"id":56009,"date":"2025-03-12T12:10:35","date_gmt":"2025-03-12T11:10:35","guid":{"rendered":"https:\/\/www.tc26-bijoux.com\/?post_type=product&#038;p=56009"},"modified":"2025-03-21T14:11:17","modified_gmt":"2025-03-21T13:11:17","slug":"pendante-or-18-carats-et-diamants-davida","status":"publish","type":"product","link":"https:\/\/www.tc26-bijoux.com\/?product=pendante-or-18-carats-et-diamants-davida","title":{"rendered":"Pendante Or 18 Carats et Diamants Davida"},"content":{"rendered":"<p>Les boucles d&rsquo;oreilles pendantes Davida en or 18 carats et diamants sont un choix luxueux et sophistiqu\u00e9. Ces boucles d&rsquo;oreilles mettent en valeur des diamants \u00e9tincelants, cr\u00e9ant un effet lumineux et captivant. Fabriqu\u00e9es avec soin, elles combinent l&rsquo;\u00e9l\u00e9gance intemporelle de l&rsquo;or 18 carats avec la beaut\u00e9 \u00e9blouissante des diamants. Ces boucles d&rsquo;oreilles pendantes Davida sont un v\u00e9ritable bijou d&rsquo;exception qui compl\u00e8tera parfaitement votre style avec une touche de glamour.<\/p>\n","protected":false},"excerpt":{"rendered":"<p>Les boucles d&rsquo;oreilles pendantes Davida en or 18 carats et diamants sont un choix luxueux et sophistiqu\u00e9. Ces boucles d&rsquo;oreilles mettent en valeur des diamants \u00e9tincelants,<span class=\"excerpt-hellip\"> [\u2026]<\/span><\/p>\n","protected":false},"featured_media":8412,"template":"","meta":{"_seopress_robots_primary_cat":"","_seopress_titles_title":"","_seopress_titles_desc":"","_seopress_robots_index":"","_seopress_analysis_target_kw":"","iawp_total_views":0},"product_brand":[],"product_cat":[83],"product_tag":[],"class_list":{"0":"post-56009","1":"product","2":"type-product","3":"status-publish","4":"has-post-thumbnail","6":"product_cat-pendantes-diamants","8":"first","9":"instock","10":"shipping-taxable","11":"purchasable","12":"product-type-variable"},"_links":{"self":[{"href":"https:\/\/www.tc26-bijoux.com\/index.php?rest_route=\/wp\/v2\/product\/56009","targetHints":{"allow":["GET"]}}],"collection":[{"href":"https:\/\/www.tc26-bijoux.com\/index.php?rest_route=\/wp\/v2\/product"}],"about":[{"href":"https:\/\/www.tc26-bijoux.com\/index.php?rest_route=\/wp\/v2\/types\/product"}],"wp:featuredmedia":[{"embeddable":true,"href":"https:\/\/www.tc26-bijoux.com\/index.php?rest_route=\/wp\/v2\/media\/8412"}],"wp:attachment":[{"href":"https:\/\/www.tc26-bijoux.com\/index.php?rest_route=%2Fwp%2Fv2%2Fmedia&parent=56009"}],"wp:term":[{"taxonomy":"product_brand","embeddable":true,"href":"https:\/\/www.tc26-bijoux.com\/index.php?rest_route=%2Fwp%2Fv2%2Fproduct_brand&post=56009"},{"taxonomy":"product_cat","embeddable":true,"href":"https:\/\/www.tc26-bijoux.com\/index.php?rest_route=%2Fwp%2Fv2%2Fproduct_cat&post=56009"},{"taxonomy":"product_tag","embeddable":true,"href":"https:\/\/www.tc26-bijoux.com\/index.php?rest_route=%2Fwp%2Fv2%2Fproduct_tag&post=56009"}],"curies":[{"name":"wp","href":"https:\/\/api.w.org\/{rel}","templated":true}]}}