{"id":56032,"date":"2025-03-12T12:10:44","date_gmt":"2025-03-12T11:10:44","guid":{"rendered":"https:\/\/www.tc26-bijoux.com\/?post_type=product&#038;p=56032"},"modified":"2025-03-21T14:11:17","modified_gmt":"2025-03-21T13:11:17","slug":"pendante-or-18-carats-et-diamants-dara","status":"publish","type":"product","link":"https:\/\/www.tc26-bijoux.com\/?product=pendante-or-18-carats-et-diamants-dara","title":{"rendered":"Pendante Or 18 Carats et Diamants Dara"},"content":{"rendered":"<p>Les boucles d&rsquo;oreille pendantes Dara en or 18 carats et diamants sont un v\u00e9ritable bijou d&rsquo;\u00e9l\u00e9gance et de luxe. Les diamants d&rsquo;une puret\u00e9 GVS sont soigneusement dispos\u00e9s pour un caratage total de 1.15 carats. Avec des dimensions de 12&#215;26.5 mm, ces boucles d&rsquo;oreille ajoutent une touche de brillance et de sophistication \u00e0 toute tenue.<\/p>\n","protected":false},"excerpt":{"rendered":"<p>Mati\u00e8re : Or\u00a018 carat\u00a0<\/p>\n<p>Couleur m\u00e9tal : Blanc\u00a0<\/p>\n<p>Nature des Pierres : Diamants\u00a0<\/p>\n<p>Caratage\u00a0 total des Pierres\u00a0\u00a0: 1.15\u00a0Carats<\/p>\n<p>Puret\u00e9 \u00a0Diamants : GVS\u00a0<\/p>\n<p>Dimensions : 12&#215;26.5\u00a0mm\u00a0<\/p>\n<p>R\u00e9f\u00e9rence : XYE3539<\/p>\n","protected":false},"featured_media":8359,"template":"","meta":{"_seopress_robots_primary_cat":"","_seopress_titles_title":"","_seopress_titles_desc":"","_seopress_robots_index":"","_seopress_analysis_target_kw":"","iawp_total_views":0},"product_brand":[],"product_cat":[83],"product_tag":[],"class_list":{"0":"post-56032","1":"product","2":"type-product","3":"status-publish","4":"has-post-thumbnail","6":"product_cat-pendantes-diamants","8":"first","9":"instock","10":"shipping-taxable","11":"purchasable","12":"product-type-variable"},"_links":{"self":[{"href":"https:\/\/www.tc26-bijoux.com\/index.php?rest_route=\/wp\/v2\/product\/56032","targetHints":{"allow":["GET"]}}],"collection":[{"href":"https:\/\/www.tc26-bijoux.com\/index.php?rest_route=\/wp\/v2\/product"}],"about":[{"href":"https:\/\/www.tc26-bijoux.com\/index.php?rest_route=\/wp\/v2\/types\/product"}],"wp:featuredmedia":[{"embeddable":true,"href":"https:\/\/www.tc26-bijoux.com\/index.php?rest_route=\/wp\/v2\/media\/8359"}],"wp:attachment":[{"href":"https:\/\/www.tc26-bijoux.com\/index.php?rest_route=%2Fwp%2Fv2%2Fmedia&parent=56032"}],"wp:term":[{"taxonomy":"product_brand","embeddable":true,"href":"https:\/\/www.tc26-bijoux.com\/index.php?rest_route=%2Fwp%2Fv2%2Fproduct_brand&post=56032"},{"taxonomy":"product_cat","embeddable":true,"href":"https:\/\/www.tc26-bijoux.com\/index.php?rest_route=%2Fwp%2Fv2%2Fproduct_cat&post=56032"},{"taxonomy":"product_tag","embeddable":true,"href":"https:\/\/www.tc26-bijoux.com\/index.php?rest_route=%2Fwp%2Fv2%2Fproduct_tag&post=56032"}],"curies":[{"name":"wp","href":"https:\/\/api.w.org\/{rel}","templated":true}]}}