{"id":56087,"date":"2025-03-12T12:11:04","date_gmt":"2025-03-12T11:11:04","guid":{"rendered":"https:\/\/www.tc26-bijoux.com\/?post_type=product&#038;p=56087"},"modified":"2025-03-21T14:11:20","modified_gmt":"2025-03-21T13:11:20","slug":"boucles-doreilles-diamants-et-or-18-carat-shawnee","status":"publish","type":"product","link":"https:\/\/www.tc26-bijoux.com\/?product=boucles-doreilles-diamants-et-or-18-carat-shawnee","title":{"rendered":"Boucles d&rsquo;oreilles Diamants et Or 18 carat Shawnee"},"content":{"rendered":"<p>Les boucles d&rsquo;oreilles Shawnee en diamants et or 18 carats sont disponibles dans trois teintes captivantes : Blanc, Rose et Jaune. Orn\u00e9es d&rsquo;un poids total de 0,75 carats de diamants d&rsquo;une couleur G et d&rsquo;une puret\u00e9 VS, ces bijoux ajoutent une touche de glamour et d&rsquo;\u00e9clat \u00e0 votre look. Avec des dimensions de 4,4&#215;36 mm, ces boucles d&rsquo;oreilles pr\u00e9sentent un design \u00e9l\u00e9gant et allong\u00e9, offrant une apparence \u00e9l\u00e9gante et raffin\u00e9e. Quelle que soit la couleur que vous choisissez, les boucles d&rsquo;oreilles Shawnee rehausseront votre style avec une touche de luxe et de sophistication.<\/p>\n","protected":false},"excerpt":{"rendered":"<p>Les boucles d&rsquo;oreilles Shawnee en diamants et or 18 carats sont disponibles dans trois teintes captivantes : Blanc, Rose et Jaune. Orn\u00e9es d&rsquo;un poids total de<span class=\"excerpt-hellip\"> [\u2026]<\/span><\/p>\n","protected":false},"featured_media":2134,"template":"","meta":{"_seopress_robots_primary_cat":"","_seopress_titles_title":"","_seopress_titles_desc":"","_seopress_robots_index":"","_seopress_analysis_target_kw":"","iawp_total_views":1},"product_brand":[],"product_cat":[83],"product_tag":[],"class_list":{"0":"post-56087","1":"product","2":"type-product","3":"status-publish","4":"has-post-thumbnail","6":"product_cat-pendantes-diamants","8":"first","9":"instock","10":"shipping-taxable","11":"purchasable","12":"product-type-variable"},"_links":{"self":[{"href":"https:\/\/www.tc26-bijoux.com\/index.php?rest_route=\/wp\/v2\/product\/56087","targetHints":{"allow":["GET"]}}],"collection":[{"href":"https:\/\/www.tc26-bijoux.com\/index.php?rest_route=\/wp\/v2\/product"}],"about":[{"href":"https:\/\/www.tc26-bijoux.com\/index.php?rest_route=\/wp\/v2\/types\/product"}],"wp:featuredmedia":[{"embeddable":true,"href":"https:\/\/www.tc26-bijoux.com\/index.php?rest_route=\/wp\/v2\/media\/2134"}],"wp:attachment":[{"href":"https:\/\/www.tc26-bijoux.com\/index.php?rest_route=%2Fwp%2Fv2%2Fmedia&parent=56087"}],"wp:term":[{"taxonomy":"product_brand","embeddable":true,"href":"https:\/\/www.tc26-bijoux.com\/index.php?rest_route=%2Fwp%2Fv2%2Fproduct_brand&post=56087"},{"taxonomy":"product_cat","embeddable":true,"href":"https:\/\/www.tc26-bijoux.com\/index.php?rest_route=%2Fwp%2Fv2%2Fproduct_cat&post=56087"},{"taxonomy":"product_tag","embeddable":true,"href":"https:\/\/www.tc26-bijoux.com\/index.php?rest_route=%2Fwp%2Fv2%2Fproduct_tag&post=56087"}],"curies":[{"name":"wp","href":"https:\/\/api.w.org\/{rel}","templated":true}]}}