{"id":56133,"date":"2025-03-12T12:11:17","date_gmt":"2025-03-12T11:11:17","guid":{"rendered":"https:\/\/www.tc26-bijoux.com\/?post_type=product&#038;p=56133"},"modified":"2025-03-21T14:11:23","modified_gmt":"2025-03-21T13:11:23","slug":"pendante-diamants-agathe","status":"publish","type":"product","link":"https:\/\/www.tc26-bijoux.com\/?product=pendante-diamants-agathe","title":{"rendered":"Pendante Diamants Agathe"},"content":{"rendered":"<p>La pendante \u00ab\u00a0Agathe\u00a0\u00bb est un bijou d&rsquo;une beaut\u00e9 intemporelle, con\u00e7u pour briller et attirer les regards. Fabriqu\u00e9e en or 18 carats, cette pendante incarne l&rsquo;\u00e9l\u00e9gance et le luxe avec sa couleur or blanc.<\/p>\n","protected":false},"excerpt":{"rendered":"<p>Mati\u00e8re : Or\u00a018 carat\u00a0<\/p>\n<p>Couleur m\u00e9tal : Blanc\u00a0<\/p>\n<p>Nature des Pierres : Diamants\u00a0<\/p>\n<p>Caratage\u00a0 total des Pierres\u00a0\u00a0: 1.15 Carats<\/p>\n<p>Puret\u00e9 \u00a0Diamants : GVS\u00a0<\/p>\n<p>Dimensions : 9.8 x 23\u00a0 mm\u00a0<\/p>\n<p>R\u00e9f\u00e9rence : DNE088<\/p>\n","protected":false},"featured_media":618,"template":"","meta":{"_seopress_robots_primary_cat":"","_seopress_titles_title":"","_seopress_titles_desc":"","_seopress_robots_index":"","_seopress_analysis_target_kw":"","iawp_total_views":2},"product_brand":[],"product_cat":[83],"product_tag":[],"class_list":{"0":"post-56133","1":"product","2":"type-product","3":"status-publish","4":"has-post-thumbnail","6":"product_cat-pendantes-diamants","8":"first","9":"instock","10":"shipping-taxable","11":"purchasable","12":"product-type-variable"},"_links":{"self":[{"href":"https:\/\/www.tc26-bijoux.com\/index.php?rest_route=\/wp\/v2\/product\/56133","targetHints":{"allow":["GET"]}}],"collection":[{"href":"https:\/\/www.tc26-bijoux.com\/index.php?rest_route=\/wp\/v2\/product"}],"about":[{"href":"https:\/\/www.tc26-bijoux.com\/index.php?rest_route=\/wp\/v2\/types\/product"}],"wp:featuredmedia":[{"embeddable":true,"href":"https:\/\/www.tc26-bijoux.com\/index.php?rest_route=\/wp\/v2\/media\/618"}],"wp:attachment":[{"href":"https:\/\/www.tc26-bijoux.com\/index.php?rest_route=%2Fwp%2Fv2%2Fmedia&parent=56133"}],"wp:term":[{"taxonomy":"product_brand","embeddable":true,"href":"https:\/\/www.tc26-bijoux.com\/index.php?rest_route=%2Fwp%2Fv2%2Fproduct_brand&post=56133"},{"taxonomy":"product_cat","embeddable":true,"href":"https:\/\/www.tc26-bijoux.com\/index.php?rest_route=%2Fwp%2Fv2%2Fproduct_cat&post=56133"},{"taxonomy":"product_tag","embeddable":true,"href":"https:\/\/www.tc26-bijoux.com\/index.php?rest_route=%2Fwp%2Fv2%2Fproduct_tag&post=56133"}],"curies":[{"name":"wp","href":"https:\/\/api.w.org\/{rel}","templated":true}]}}