{"id":56168,"date":"2025-03-12T12:11:29","date_gmt":"2025-03-12T11:11:29","guid":{"rendered":"https:\/\/www.tc26-bijoux.com\/?post_type=product&#038;p=56168"},"modified":"2025-03-21T14:11:27","modified_gmt":"2025-03-21T13:11:27","slug":"boucles-doreilles-diamants-et-or-18-carat-wanda","status":"publish","type":"product","link":"https:\/\/www.tc26-bijoux.com\/?product=boucles-doreilles-diamants-et-or-18-carat-wanda","title":{"rendered":"Boucles d&rsquo;oreilles Diamants et Or 18 carat Wanda"},"content":{"rendered":"<p>Les boucles d&rsquo;oreilles Wanda Blanc en diamants et or 18 carats incarnent la puret\u00e9 et l&rsquo;\u00e9l\u00e9gance. Orn\u00e9es d&rsquo;un caratage total de 1,60 carats de diamants d&rsquo;une couleur G et d&rsquo;une puret\u00e9 VS, ces bijoux exsudent un \u00e9clat \u00e9tincelant. Avec des dimensions de 12&#215;31 mm, ces boucles d&rsquo;oreilles ajoutent une touche de sophistication subtile \u00e0 votre look, vous permettant de briller avec style et gr\u00e2ce.<\/p>\n","protected":false},"excerpt":{"rendered":"<p>Mati\u00e8re : Or\u00a018 carat\u00a0<\/p>\n<p>Couleur m\u00e9tal : Blanc\u00a0<\/p>\n<p>Nature des Pierres : Diamants\u00a0<\/p>\n<p>Caratage\u00a0 total des Pierres\u00a0\u00a0: 1.60\u00a0Carats<\/p>\n<p>Couleur \u00a0Diamants : G<\/p>\n<p>Puret\u00e9 \u00a0Diamants : VS\u00a0<\/p>\n<p>Dimensions : 12&#215;31 mm\u00a0<\/p>\n<p>R\u00e9f\u00e9rence : DNE0690<\/p>\n","protected":false},"featured_media":8176,"template":"","meta":{"_seopress_robots_primary_cat":"","_seopress_titles_title":"","_seopress_titles_desc":"","_seopress_robots_index":"","_seopress_analysis_target_kw":"","iawp_total_views":0},"product_brand":[],"product_cat":[83],"product_tag":[],"class_list":{"0":"post-56168","1":"product","2":"type-product","3":"status-publish","4":"has-post-thumbnail","6":"product_cat-pendantes-diamants","8":"first","9":"instock","10":"shipping-taxable","11":"purchasable","12":"product-type-variable"},"_links":{"self":[{"href":"https:\/\/www.tc26-bijoux.com\/index.php?rest_route=\/wp\/v2\/product\/56168","targetHints":{"allow":["GET"]}}],"collection":[{"href":"https:\/\/www.tc26-bijoux.com\/index.php?rest_route=\/wp\/v2\/product"}],"about":[{"href":"https:\/\/www.tc26-bijoux.com\/index.php?rest_route=\/wp\/v2\/types\/product"}],"wp:featuredmedia":[{"embeddable":true,"href":"https:\/\/www.tc26-bijoux.com\/index.php?rest_route=\/wp\/v2\/media\/8176"}],"wp:attachment":[{"href":"https:\/\/www.tc26-bijoux.com\/index.php?rest_route=%2Fwp%2Fv2%2Fmedia&parent=56168"}],"wp:term":[{"taxonomy":"product_brand","embeddable":true,"href":"https:\/\/www.tc26-bijoux.com\/index.php?rest_route=%2Fwp%2Fv2%2Fproduct_brand&post=56168"},{"taxonomy":"product_cat","embeddable":true,"href":"https:\/\/www.tc26-bijoux.com\/index.php?rest_route=%2Fwp%2Fv2%2Fproduct_cat&post=56168"},{"taxonomy":"product_tag","embeddable":true,"href":"https:\/\/www.tc26-bijoux.com\/index.php?rest_route=%2Fwp%2Fv2%2Fproduct_tag&post=56168"}],"curies":[{"name":"wp","href":"https:\/\/api.w.org\/{rel}","templated":true}]}}