{"id":56183,"date":"2025-03-12T12:11:31","date_gmt":"2025-03-12T11:11:31","guid":{"rendered":"https:\/\/www.tc26-bijoux.com\/?post_type=product&#038;p=56183"},"modified":"2025-03-21T14:11:28","modified_gmt":"2025-03-21T13:11:28","slug":"boucles-doreilles-or-18-carat-et-diamants-talia","status":"publish","type":"product","link":"https:\/\/www.tc26-bijoux.com\/?product=boucles-doreilles-or-18-carat-et-diamants-talia","title":{"rendered":"Boucles d&rsquo;oreilles Or 18 carat et Diamants  Talia"},"content":{"rendered":"<p>Ces boucles d&rsquo;oreilles Talia Blanc en or 18 carats et diamants exsudent l&rsquo;\u00e9l\u00e9gance parisienne actuelle. Avec un caratage total de 1,80 carats de diamants d&rsquo;une couleur G et d&rsquo;une puret\u00e9 VS, ces bijoux sur mesure mesurent 13&#215;29 mm, offrant une combinaison parfaite de tendance, de luxe et de raffinement.<\/p>\n","protected":false},"excerpt":{"rendered":"<p>Ces boucles d&rsquo;oreilles Talia Blanc en or 18 carats et diamants exsudent l&rsquo;\u00e9l\u00e9gance parisienne actuelle. Avec un caratage total de 1,80 carats de diamants d&rsquo;une couleur<span class=\"excerpt-hellip\"> [\u2026]<\/span><\/p>\n","protected":false},"featured_media":8211,"template":"","meta":{"_seopress_robots_primary_cat":"","_seopress_titles_title":"","_seopress_titles_desc":"","_seopress_robots_index":"","_seopress_analysis_target_kw":"","iawp_total_views":0},"product_brand":[],"product_cat":[83],"product_tag":[],"class_list":{"0":"post-56183","1":"product","2":"type-product","3":"status-publish","4":"has-post-thumbnail","6":"product_cat-pendantes-diamants","8":"first","9":"instock","10":"shipping-taxable","11":"purchasable","12":"product-type-variable"},"_links":{"self":[{"href":"https:\/\/www.tc26-bijoux.com\/index.php?rest_route=\/wp\/v2\/product\/56183","targetHints":{"allow":["GET"]}}],"collection":[{"href":"https:\/\/www.tc26-bijoux.com\/index.php?rest_route=\/wp\/v2\/product"}],"about":[{"href":"https:\/\/www.tc26-bijoux.com\/index.php?rest_route=\/wp\/v2\/types\/product"}],"wp:featuredmedia":[{"embeddable":true,"href":"https:\/\/www.tc26-bijoux.com\/index.php?rest_route=\/wp\/v2\/media\/8211"}],"wp:attachment":[{"href":"https:\/\/www.tc26-bijoux.com\/index.php?rest_route=%2Fwp%2Fv2%2Fmedia&parent=56183"}],"wp:term":[{"taxonomy":"product_brand","embeddable":true,"href":"https:\/\/www.tc26-bijoux.com\/index.php?rest_route=%2Fwp%2Fv2%2Fproduct_brand&post=56183"},{"taxonomy":"product_cat","embeddable":true,"href":"https:\/\/www.tc26-bijoux.com\/index.php?rest_route=%2Fwp%2Fv2%2Fproduct_cat&post=56183"},{"taxonomy":"product_tag","embeddable":true,"href":"https:\/\/www.tc26-bijoux.com\/index.php?rest_route=%2Fwp%2Fv2%2Fproduct_tag&post=56183"}],"curies":[{"name":"wp","href":"https:\/\/api.w.org\/{rel}","templated":true}]}}