{"id":56213,"date":"2025-03-12T12:11:42","date_gmt":"2025-03-12T11:11:42","guid":{"rendered":"https:\/\/www.tc26-bijoux.com\/?post_type=product&#038;p=56213"},"modified":"2025-03-21T14:11:31","modified_gmt":"2025-03-21T13:11:31","slug":"boucles-doreilles-or-18-carat-et-diamants-tansu","status":"publish","type":"product","link":"https:\/\/www.tc26-bijoux.com\/?product=boucles-doreilles-or-18-carat-et-diamants-tansu","title":{"rendered":"Boucles d&rsquo;oreilles Or 18 carat et Diamants Tansu"},"content":{"rendered":"<p>Les boucles d&rsquo;oreilles Tansu en or 18 carats et diamants sont disponibles dans trois couleurs saisissantes : Blanc, Rose et Jaune. Orn\u00e9es d&rsquo;un poids total de 1,40 carat de diamants d&rsquo;une couleur G et d&rsquo;une puret\u00e9 VS, ces boucles d&rsquo;oreilles ajoutent une touche de glamour et d&rsquo;\u00e9clat \u00e0 votre look. Avec des dimensions de 5&#215;36 mm, elles pr\u00e9sentent un design \u00e9l\u00e9gant et allong\u00e9 qui ajoute une sophistication subtile \u00e0 votre style. Que vous optiez pour le Blanc classique, le Rose romantique ou le Jaune audacieux, les boucles d&rsquo;oreilles Tansu sont un choix luxueux pour compl\u00e9ter votre tenue avec style et \u00e9l\u00e9gance.<\/p>\n","protected":false},"excerpt":{"rendered":"<p>Les boucles d&rsquo;oreilles Tansu en or 18 carats et diamants sont disponibles dans trois couleurs saisissantes : Blanc, Rose et Jaune. Orn\u00e9es d&rsquo;un poids total de<span class=\"excerpt-hellip\"> [\u2026]<\/span><\/p>\n","protected":false},"featured_media":2135,"template":"","meta":{"_seopress_robots_primary_cat":"","_seopress_titles_title":"","_seopress_titles_desc":"","_seopress_robots_index":"","_seopress_analysis_target_kw":"","iawp_total_views":1},"product_brand":[],"product_cat":[83],"product_tag":[],"class_list":{"0":"post-56213","1":"product","2":"type-product","3":"status-publish","4":"has-post-thumbnail","6":"product_cat-pendantes-diamants","8":"first","9":"instock","10":"shipping-taxable","11":"purchasable","12":"product-type-variable"},"_links":{"self":[{"href":"https:\/\/www.tc26-bijoux.com\/index.php?rest_route=\/wp\/v2\/product\/56213","targetHints":{"allow":["GET"]}}],"collection":[{"href":"https:\/\/www.tc26-bijoux.com\/index.php?rest_route=\/wp\/v2\/product"}],"about":[{"href":"https:\/\/www.tc26-bijoux.com\/index.php?rest_route=\/wp\/v2\/types\/product"}],"wp:featuredmedia":[{"embeddable":true,"href":"https:\/\/www.tc26-bijoux.com\/index.php?rest_route=\/wp\/v2\/media\/2135"}],"wp:attachment":[{"href":"https:\/\/www.tc26-bijoux.com\/index.php?rest_route=%2Fwp%2Fv2%2Fmedia&parent=56213"}],"wp:term":[{"taxonomy":"product_brand","embeddable":true,"href":"https:\/\/www.tc26-bijoux.com\/index.php?rest_route=%2Fwp%2Fv2%2Fproduct_brand&post=56213"},{"taxonomy":"product_cat","embeddable":true,"href":"https:\/\/www.tc26-bijoux.com\/index.php?rest_route=%2Fwp%2Fv2%2Fproduct_cat&post=56213"},{"taxonomy":"product_tag","embeddable":true,"href":"https:\/\/www.tc26-bijoux.com\/index.php?rest_route=%2Fwp%2Fv2%2Fproduct_tag&post=56213"}],"curies":[{"name":"wp","href":"https:\/\/api.w.org\/{rel}","templated":true}]}}