{"id":56231,"date":"2025-03-12T12:11:46","date_gmt":"2025-03-12T11:11:46","guid":{"rendered":"https:\/\/www.tc26-bijoux.com\/?post_type=product&#038;p=56231"},"modified":"2025-03-21T14:11:31","modified_gmt":"2025-03-21T13:11:31","slug":"boucles-doreille-diamants-et-or-18-carats-lesly-2","status":"publish","type":"product","link":"https:\/\/www.tc26-bijoux.com\/?product=boucles-doreille-diamants-et-or-18-carats-lesly-2","title":{"rendered":"Boucles d&rsquo;oreille Diamants et Or 18 Carats Lesly"},"content":{"rendered":"<p>Les boucles d&rsquo;oreille Diamants et Or 18 Carats Lesly sont disponibles en trois couleurs : Blanc, Rose et Jaune. Elles sont orn\u00e9es de diamants et ont un caratage total de 1 carat. Les diamants ont une couleur G et une puret\u00e9 VS. Les dimensions des boucles d&rsquo;oreille sont de 7&#215;22 mm. Ces boucles d&rsquo;oreille offrent un design \u00e9l\u00e9gant et polyvalent avec la combinaison de l&rsquo;or 18 carats et des diamants scintillants.<\/p>\n","protected":false},"excerpt":{"rendered":"<p>Les boucles d&rsquo;oreille Diamants et Or 18 Carats Lesly sont disponibles en trois couleurs : Blanc, Rose et Jaune. Elles sont orn\u00e9es de diamants et ont<span class=\"excerpt-hellip\"> [\u2026]<\/span><\/p>\n","protected":false},"featured_media":3844,"template":"","meta":{"_seopress_robots_primary_cat":"","_seopress_titles_title":"","_seopress_titles_desc":"","_seopress_robots_index":"","_seopress_analysis_target_kw":"","iawp_total_views":0},"product_brand":[],"product_cat":[83],"product_tag":[],"class_list":{"0":"post-56231","1":"product","2":"type-product","3":"status-publish","4":"has-post-thumbnail","6":"product_cat-pendantes-diamants","8":"first","9":"instock","10":"shipping-taxable","11":"purchasable","12":"product-type-variable"},"_links":{"self":[{"href":"https:\/\/www.tc26-bijoux.com\/index.php?rest_route=\/wp\/v2\/product\/56231","targetHints":{"allow":["GET"]}}],"collection":[{"href":"https:\/\/www.tc26-bijoux.com\/index.php?rest_route=\/wp\/v2\/product"}],"about":[{"href":"https:\/\/www.tc26-bijoux.com\/index.php?rest_route=\/wp\/v2\/types\/product"}],"wp:featuredmedia":[{"embeddable":true,"href":"https:\/\/www.tc26-bijoux.com\/index.php?rest_route=\/wp\/v2\/media\/3844"}],"wp:attachment":[{"href":"https:\/\/www.tc26-bijoux.com\/index.php?rest_route=%2Fwp%2Fv2%2Fmedia&parent=56231"}],"wp:term":[{"taxonomy":"product_brand","embeddable":true,"href":"https:\/\/www.tc26-bijoux.com\/index.php?rest_route=%2Fwp%2Fv2%2Fproduct_brand&post=56231"},{"taxonomy":"product_cat","embeddable":true,"href":"https:\/\/www.tc26-bijoux.com\/index.php?rest_route=%2Fwp%2Fv2%2Fproduct_cat&post=56231"},{"taxonomy":"product_tag","embeddable":true,"href":"https:\/\/www.tc26-bijoux.com\/index.php?rest_route=%2Fwp%2Fv2%2Fproduct_tag&post=56231"}],"curies":[{"name":"wp","href":"https:\/\/api.w.org\/{rel}","templated":true}]}}