{"id":56241,"date":"2025-03-12T12:11:53","date_gmt":"2025-03-12T11:11:53","guid":{"rendered":"https:\/\/www.tc26-bijoux.com\/?post_type=product&#038;p=56241"},"modified":"2025-03-21T14:11:31","modified_gmt":"2025-03-21T13:11:31","slug":"boucles-doreille-diamants-et-or-18-carat-tracy-2","status":"publish","type":"product","link":"https:\/\/www.tc26-bijoux.com\/?product=boucles-doreille-diamants-et-or-18-carat-tracy-2","title":{"rendered":"Boucles d&rsquo;Oreille Diamants et Or 18 carat Tracy"},"content":{"rendered":"<p>Les boucles d&rsquo;oreille Tracy en diamants et or 18 carats sont un choix \u00e9l\u00e9gant et raffin\u00e9 pour rehausser votre style. Orn\u00e9es d&rsquo;un caratage total de 1,10 carat de diamants d&rsquo;une puret\u00e9 GVS, ces boucles d&rsquo;oreille offrent un \u00e9clat \u00e9tincelant. Avec des dimensions de 8,2&#215;22,4 mm, elles sont de taille moyenne, ce qui les rend parfaites pour une utilisation quotidienne ou pour des occasions sp\u00e9ciales. Les boucles d&rsquo;oreille Tracy ajoutent une touche de sophistication subtile \u00e0 votre look, avec leur combinaison d&rsquo;or 18 carats et de diamants scintillants.<\/p>\n","protected":false},"excerpt":{"rendered":"<p>Les boucles d&rsquo;oreille Tracy en diamants et or 18 carats sont un choix \u00e9l\u00e9gant et raffin\u00e9 pour rehausser votre style. Orn\u00e9es d&rsquo;un caratage total de 1,10<span class=\"excerpt-hellip\"> [\u2026]<\/span><\/p>\n","protected":false},"featured_media":689,"template":"","meta":{"_seopress_robots_primary_cat":"","_seopress_titles_title":"","_seopress_titles_desc":"","_seopress_robots_index":"","_seopress_analysis_target_kw":"","iawp_total_views":0},"product_brand":[],"product_cat":[83],"product_tag":[],"class_list":{"0":"post-56241","1":"product","2":"type-product","3":"status-publish","4":"has-post-thumbnail","6":"product_cat-pendantes-diamants","8":"first","9":"instock","10":"shipping-taxable","11":"purchasable","12":"product-type-variable"},"_links":{"self":[{"href":"https:\/\/www.tc26-bijoux.com\/index.php?rest_route=\/wp\/v2\/product\/56241","targetHints":{"allow":["GET"]}}],"collection":[{"href":"https:\/\/www.tc26-bijoux.com\/index.php?rest_route=\/wp\/v2\/product"}],"about":[{"href":"https:\/\/www.tc26-bijoux.com\/index.php?rest_route=\/wp\/v2\/types\/product"}],"wp:featuredmedia":[{"embeddable":true,"href":"https:\/\/www.tc26-bijoux.com\/index.php?rest_route=\/wp\/v2\/media\/689"}],"wp:attachment":[{"href":"https:\/\/www.tc26-bijoux.com\/index.php?rest_route=%2Fwp%2Fv2%2Fmedia&parent=56241"}],"wp:term":[{"taxonomy":"product_brand","embeddable":true,"href":"https:\/\/www.tc26-bijoux.com\/index.php?rest_route=%2Fwp%2Fv2%2Fproduct_brand&post=56241"},{"taxonomy":"product_cat","embeddable":true,"href":"https:\/\/www.tc26-bijoux.com\/index.php?rest_route=%2Fwp%2Fv2%2Fproduct_cat&post=56241"},{"taxonomy":"product_tag","embeddable":true,"href":"https:\/\/www.tc26-bijoux.com\/index.php?rest_route=%2Fwp%2Fv2%2Fproduct_tag&post=56241"}],"curies":[{"name":"wp","href":"https:\/\/api.w.org\/{rel}","templated":true}]}}