{"id":56246,"date":"2025-03-12T12:11:54","date_gmt":"2025-03-12T11:11:54","guid":{"rendered":"https:\/\/www.tc26-bijoux.com\/?post_type=product&#038;p=56246"},"modified":"2025-03-21T14:11:31","modified_gmt":"2025-03-21T13:11:31","slug":"pendente-diamants-et-or-18-carats-kenza-2","status":"publish","type":"product","link":"https:\/\/www.tc26-bijoux.com\/?product=pendente-diamants-et-or-18-carats-kenza-2","title":{"rendered":"Pendente Diamants et Or 18 Carats Kenza"},"content":{"rendered":"<p>Les boucles d&rsquo;oreilles Kenza sont en or 18 carats et sont serties de diamants. La nature des pierres est exclusivement des diamants, ce qui leur conf\u00e8re une brillance et une beaut\u00e9 \u00e9clatantes. Le caratage total des diamants sur les boucles d&rsquo;oreilles est de 0.70 carats, ce qui ajoute une dose d&rsquo;\u00e9clat et de sophistication \u00e0 ces bijoux. Les boucles d&rsquo;oreilles Kenza en diamants et or 18 carats sont un choix \u00e9l\u00e9gant pour compl\u00e9ter vos tenues et ajouter une touche de glamour \u00e0 votre apparence.<\/p>\n","protected":false},"excerpt":{"rendered":"<p>Les boucles d&rsquo;oreilles Kenza sont en or 18 carats et sont serties de diamants. La nature des pierres est exclusivement des diamants, ce qui leur conf\u00e8re<span class=\"excerpt-hellip\"> [\u2026]<\/span><\/p>\n","protected":false},"featured_media":585,"template":"","meta":{"_seopress_robots_primary_cat":"","_seopress_titles_title":"","_seopress_titles_desc":"","_seopress_robots_index":"","_seopress_analysis_target_kw":"","iawp_total_views":0},"product_brand":[],"product_cat":[83],"product_tag":[],"class_list":{"0":"post-56246","1":"product","2":"type-product","3":"status-publish","4":"has-post-thumbnail","6":"product_cat-pendantes-diamants","8":"first","9":"instock","10":"shipping-taxable","11":"purchasable","12":"product-type-variable"},"_links":{"self":[{"href":"https:\/\/www.tc26-bijoux.com\/index.php?rest_route=\/wp\/v2\/product\/56246","targetHints":{"allow":["GET"]}}],"collection":[{"href":"https:\/\/www.tc26-bijoux.com\/index.php?rest_route=\/wp\/v2\/product"}],"about":[{"href":"https:\/\/www.tc26-bijoux.com\/index.php?rest_route=\/wp\/v2\/types\/product"}],"wp:featuredmedia":[{"embeddable":true,"href":"https:\/\/www.tc26-bijoux.com\/index.php?rest_route=\/wp\/v2\/media\/585"}],"wp:attachment":[{"href":"https:\/\/www.tc26-bijoux.com\/index.php?rest_route=%2Fwp%2Fv2%2Fmedia&parent=56246"}],"wp:term":[{"taxonomy":"product_brand","embeddable":true,"href":"https:\/\/www.tc26-bijoux.com\/index.php?rest_route=%2Fwp%2Fv2%2Fproduct_brand&post=56246"},{"taxonomy":"product_cat","embeddable":true,"href":"https:\/\/www.tc26-bijoux.com\/index.php?rest_route=%2Fwp%2Fv2%2Fproduct_cat&post=56246"},{"taxonomy":"product_tag","embeddable":true,"href":"https:\/\/www.tc26-bijoux.com\/index.php?rest_route=%2Fwp%2Fv2%2Fproduct_tag&post=56246"}],"curies":[{"name":"wp","href":"https:\/\/api.w.org\/{rel}","templated":true}]}}