{"id":56264,"date":"2025-03-12T12:11:57","date_gmt":"2025-03-12T11:11:57","guid":{"rendered":"https:\/\/www.tc26-bijoux.com\/?post_type=product&#038;p=56264"},"modified":"2025-03-21T14:11:34","modified_gmt":"2025-03-21T13:11:34","slug":"pendante-diamants-agathe-2","status":"publish","type":"product","link":"https:\/\/www.tc26-bijoux.com\/?product=pendante-diamants-agathe-2","title":{"rendered":"Pendante Diamants Agathe"},"content":{"rendered":"<p>La pendante \u00ab\u00a0Agathe\u00a0\u00bb est un bijou d&rsquo;une beaut\u00e9 intemporelle, con\u00e7u pour briller et attirer les regards. Fabriqu\u00e9e en or 18 carats, cette pendante incarne l&rsquo;\u00e9l\u00e9gance et le luxe avec sa couleur or blanc.<\/p>\n","protected":false},"excerpt":{"rendered":"<p>La pendante \u00ab\u00a0Agathe\u00a0\u00bb est un bijou d&rsquo;une beaut\u00e9 intemporelle, con\u00e7u pour briller et attirer les regards. Fabriqu\u00e9e en or 18 carats, cette pendante incarne l&rsquo;\u00e9l\u00e9gance et<span class=\"excerpt-hellip\"> [\u2026]<\/span><\/p>\n","protected":false},"featured_media":618,"template":"","meta":{"_seopress_robots_primary_cat":"","_seopress_titles_title":"","_seopress_titles_desc":"","_seopress_robots_index":"","_seopress_analysis_target_kw":"","iawp_total_views":1},"product_brand":[],"product_cat":[83],"product_tag":[],"class_list":{"0":"post-56264","1":"product","2":"type-product","3":"status-publish","4":"has-post-thumbnail","6":"product_cat-pendantes-diamants","8":"first","9":"instock","10":"shipping-taxable","11":"purchasable","12":"product-type-variable"},"_links":{"self":[{"href":"https:\/\/www.tc26-bijoux.com\/index.php?rest_route=\/wp\/v2\/product\/56264","targetHints":{"allow":["GET"]}}],"collection":[{"href":"https:\/\/www.tc26-bijoux.com\/index.php?rest_route=\/wp\/v2\/product"}],"about":[{"href":"https:\/\/www.tc26-bijoux.com\/index.php?rest_route=\/wp\/v2\/types\/product"}],"wp:featuredmedia":[{"embeddable":true,"href":"https:\/\/www.tc26-bijoux.com\/index.php?rest_route=\/wp\/v2\/media\/618"}],"wp:attachment":[{"href":"https:\/\/www.tc26-bijoux.com\/index.php?rest_route=%2Fwp%2Fv2%2Fmedia&parent=56264"}],"wp:term":[{"taxonomy":"product_brand","embeddable":true,"href":"https:\/\/www.tc26-bijoux.com\/index.php?rest_route=%2Fwp%2Fv2%2Fproduct_brand&post=56264"},{"taxonomy":"product_cat","embeddable":true,"href":"https:\/\/www.tc26-bijoux.com\/index.php?rest_route=%2Fwp%2Fv2%2Fproduct_cat&post=56264"},{"taxonomy":"product_tag","embeddable":true,"href":"https:\/\/www.tc26-bijoux.com\/index.php?rest_route=%2Fwp%2Fv2%2Fproduct_tag&post=56264"}],"curies":[{"name":"wp","href":"https:\/\/api.w.org\/{rel}","templated":true}]}}