{"id":56269,"date":"2025-03-12T12:12:03","date_gmt":"2025-03-12T11:12:03","guid":{"rendered":"https:\/\/www.tc26-bijoux.com\/?post_type=product&#038;p=56269"},"modified":"2025-03-21T14:11:34","modified_gmt":"2025-03-21T13:11:34","slug":"pendante-diamants-et-or-18-carats-gabrielle-2","status":"publish","type":"product","link":"https:\/\/www.tc26-bijoux.com\/?product=pendante-diamants-et-or-18-carats-gabrielle-2","title":{"rendered":"Pendante Diamants et Or 18 Carats Gabrielle"},"content":{"rendered":"<p>Les boucles d&rsquo;oreilles pendantes Gabrielle en or 18 carats sont de v\u00e9ritables joyaux, orn\u00e9es de diamants d&rsquo;une qualit\u00e9 exceptionnelle. Les pierres utilis\u00e9es sont des diamants, qui ajoutent une brillance et une \u00e9l\u00e9gance incomparables aux boucles d&rsquo;oreilles. Le caratage total des diamants est de 1 carat, ce qui les rend visuellement impressionnants. La puret\u00e9 des diamants est de qualit\u00e9 GVS, les dimensions des boucles d&rsquo;oreilles sont de 5 x 23 mm, cr\u00e9ant une silhouette allong\u00e9e et gracieuse qui attirera tous les regards. Ces boucles d&rsquo;oreilles Gabrielle en or 18 carats et diamants apporteront une touche de luxe et de sophistication \u00e0 toutes les occasions.<\/p>\n","protected":false},"excerpt":{"rendered":"<p>Les boucles d&rsquo;oreilles pendantes Gabrielle en or 18 carats sont de v\u00e9ritables joyaux, orn\u00e9es de diamants d&rsquo;une qualit\u00e9 exceptionnelle. Les pierres utilis\u00e9es sont des diamants, qui<span class=\"excerpt-hellip\"> [\u2026]<\/span><\/p>\n","protected":false},"featured_media":586,"template":"","meta":{"_seopress_robots_primary_cat":"","_seopress_titles_title":"","_seopress_titles_desc":"","_seopress_robots_index":"","_seopress_analysis_target_kw":"","iawp_total_views":1},"product_brand":[],"product_cat":[83],"product_tag":[],"class_list":{"0":"post-56269","1":"product","2":"type-product","3":"status-publish","4":"has-post-thumbnail","6":"product_cat-pendantes-diamants","8":"first","9":"instock","10":"shipping-taxable","11":"purchasable","12":"product-type-variable"},"_links":{"self":[{"href":"https:\/\/www.tc26-bijoux.com\/index.php?rest_route=\/wp\/v2\/product\/56269","targetHints":{"allow":["GET"]}}],"collection":[{"href":"https:\/\/www.tc26-bijoux.com\/index.php?rest_route=\/wp\/v2\/product"}],"about":[{"href":"https:\/\/www.tc26-bijoux.com\/index.php?rest_route=\/wp\/v2\/types\/product"}],"wp:featuredmedia":[{"embeddable":true,"href":"https:\/\/www.tc26-bijoux.com\/index.php?rest_route=\/wp\/v2\/media\/586"}],"wp:attachment":[{"href":"https:\/\/www.tc26-bijoux.com\/index.php?rest_route=%2Fwp%2Fv2%2Fmedia&parent=56269"}],"wp:term":[{"taxonomy":"product_brand","embeddable":true,"href":"https:\/\/www.tc26-bijoux.com\/index.php?rest_route=%2Fwp%2Fv2%2Fproduct_brand&post=56269"},{"taxonomy":"product_cat","embeddable":true,"href":"https:\/\/www.tc26-bijoux.com\/index.php?rest_route=%2Fwp%2Fv2%2Fproduct_cat&post=56269"},{"taxonomy":"product_tag","embeddable":true,"href":"https:\/\/www.tc26-bijoux.com\/index.php?rest_route=%2Fwp%2Fv2%2Fproduct_tag&post=56269"}],"curies":[{"name":"wp","href":"https:\/\/api.w.org\/{rel}","templated":true}]}}